{"id":584,"date":"2018-03-09T16:38:53","date_gmt":"2018-03-09T09:38:53","guid":{"rendered":"http:\/\/induckhanh.com\/?post_type=product&#038;p=584"},"modified":"2018-03-09T16:38:53","modified_gmt":"2018-03-09T09:38:53","slug":"in-nhan-mac-02","status":"publish","type":"product","link":"https:\/\/c373-induckhanh.com-vn.net\/?product=in-nhan-mac-02","title":{"rendered":"In nh\u00e3n m\u00e1c 02"},"content":{"rendered":"<p style=\"text-align: left;\">IN NH\u00c3N M\u00c1C<\/p>\n<div class=\"content_newsdt\">\n<p><strong>In nh\u00e3n m\u00e1c gi\u00e1 r\u1ebb t\u1ea1i H\u00e0 N\u1ed9i<\/strong>\u00a0&#8211; Nh\u00e3n m\u00e1c l\u00e0 m\u1ed9t lo\u1ea1i tem, nh\u00e3n gi\u1ea5y d\u00e1n l\u00ean s\u1ea3n ph\u1ea9m: ch\u1ee9a h\u00ecnh \u1ea3nh, th\u00f4ng tin li\u00ean quan, h\u01b0\u1edbng d\u1eabn, th\u00f4ng s\u1ed1, h\u1ea1n s\u1eed d\u1ee5ng.. t\u1ea5t c\u1ea3 \u0111\u01b0\u1ee3c in l\u00ean l\u00e0 d\u00e1n l\u00ean tr\u00ean b\u1ec1 m\u1eb7t s\u1ea3n ph\u1ea9m.<\/p>\n<p>\u0110\u1ed1i v\u1edbi c\u00e1c c\u01a1 s\u1edf s\u1ea3n xu\u1ea5t h\u00e0ng h\u00f3a th\u00ec vi\u1ec7c<strong>\u00a0thi\u1ebft k\u1ebf in nh\u00e3n m\u00e1c<\/strong>\u00a0l\u00e0 b\u01b0\u1edbc trong vi\u1ec7c kh\u1eb3ng \u0111\u1ecbnh thuong hi\u1ec7u, s\u1ea3n ph\u1ea9m c\u1ee7a m\u00ecnh v\u1edbi kh\u00e1ch h\u00e0ng. V\u1edbi s\u1ee5 uy t\u00edn v\u00e0 ch\u1ea5t l\u01b0\u1ee3ng t\u1eeb s\u1ea3n ph\u1ea9m b\u1ea1n mang l\u1ea1i, th\u00f4ng qu\u00e1 vi\u1ec7c in tem nh\u00e3n, nh\u00e3n d\u00e1n s\u1ea3n ph\u1ea9m m\u00e0 h\u1ecd c\u00f3 th\u1ec3 ph\u00e2n bi\u1ec7t b\u1ea1n v\u1edbi c\u00e1c s\u1ea3n ph\u1ea9m c\u1ee7a \u0111\u1ed1i th\u1ee7. \u0110\u00e2y l\u00e0 gi\u1ea3i ph\u00e1p th\u00f4ng minh m\u00e0 gi\u00e1 th\u00e0nh l\u1ea1i ph\u1ea3i ch\u0103ng, ph\u00f9 h\u1ee3p v\u1edbi b\u1ea5t k\u00ec doanh nghi\u1ec7p n\u00e0o.<\/p>\n<p>Th\u00f4ng qua \u0111\u00f3 qu\u00e1 tr\u00ecnh qu\u1ea3ng b\u00e1 th\u01b0\u01a1ng hi\u1ec7u c\u1ee7a b\u1ea1n s\u1ebd d\u1ec5 d\u00e0ng ti\u1ebfp c\u1eadn \u0111\u1ebfn \u0111\u1ed1i t\u01b0\u1ee3ng kh\u00e1ch h\u00e0ng ti\u1ec1m n\u0103ng m\u00e0 chi ph\u00ed l\u1ea1i r\u1ea5t ph\u1ea3i ch\u0103ng<\/p>\n<p><img loading=\"lazy\" class=\"aligncenter size-full wp-image-491\" src=\"http:\/\/induckhanh.com\/wp-content\/uploads\/2018\/03\/5-1.jpg\" alt=\"\" width=\"700\" height=\"550\" srcset=\"https:\/\/c373-induckhanh.com-vn.net\/wp-content\/uploads\/2018\/03\/5-1.jpg 700w, https:\/\/c373-induckhanh.com-vn.net\/wp-content\/uploads\/2018\/03\/5-1-300x236.jpg 300w, https:\/\/c373-induckhanh.com-vn.net\/wp-content\/uploads\/2018\/03\/5-1-600x471.jpg 600w\" sizes=\"(max-width: 700px) 100vw, 700px\" \/><\/p>\n<p>&nbsp;<\/p>\n<p>Tem nh\u00e3n l\u00e0 m\u1ed9t lo\u1ea1i tem d\u00f9ng \u0111\u1ec3 d\u00e1n l\u00ean s\u1ea3n ph\u1ea9m l\u00e0m nh\u00e3n m\u00e1c h\u00e0ng h\u00f3a, thay c\u00e1c lo\u1ea1i gi\u1ea5y nh\u00e3n th\u00f4ng th\u01b0\u1eddng. M\u1eb7t d\u01b0\u1edbi tem nh\u00e3n l\u00e0 m\u1ed9t l\u1edbp keo d\u00ednh ch\u1eafc, ko b\u1ecb t\u00e1c \u0111\u1ed9ng b\u1edfi n\u01b0\u1edbc, m\u1eb7t tr\u00ean \u0111\u01b0\u1ee3c ph\u1ee7 keo \u0111\u1ec3 \u0111\u1ea3m b\u1ea3o tem ko b\u1ecb n\u01b0\u1edbc l\u00e0m h\u01b0 h\u1ea1i, v\u00e0 t\u1ea1o \u0111\u1ed9 sang tr\u1ecdng cho s\u1ea3n ph\u1ea9m.<\/p>\n<p>H\u00ecnh \u1ea3nh b\u00ean ngo\u00e0i s\u1ea3n ph\u1ea9m c\u0169ng l\u00e0 y\u1ebfu t\u1ed1 t\u00e1c \u0111\u1ed9ng \u0111\u1ebfn t\u00e2m l\u00fd mua h\u00e0ng, t\u1ea1i Vi\u1ec7t Nam kh\u00e1ch h\u00e0ng th\u01b0\u1eddng l\u1ef1a ch\u1ecdn s\u1ea3n ph\u1ea9m th\u00f4ng qua c\u00e1i nh\u00ecn \u0111\u1ea7u ti\u00ean \u0111\u1ec3 &#8220;th\u1eed&#8221; ch\u1ea5t l\u01b0\u1ee3ng. Th\u00f4ng th\u01b0\u1eddng \u0111\u1ec3 thi\u1ebft k\u1ebf in nh\u00e3n m\u00e1c, c\u00e1c doanh nghi\u1ec7p th\u01b0\u1eddng l\u1ef1a ch\u1ecdn c\u00e1c c\u00f4ng ty chuy\u00ean thi\u1ebft k\u1ebf, tuy nhi\u00ean gi\u00e1 th\u00e0nh l\u1ea1i r\u1ea5t cao m\u00e0 \u0111\u00f4i khi kh\u00f4ng th\u00edch h\u1ee3p v\u1edbi c\u00e1c s\u1ea3n ph\u1ea9m in \u1ea5n.\u00a0<strong>In H\u1ea1o Nam<\/strong>\u00a0l\u00e0 \u0111\u01a1n v\u1ecb nh\u1eadn thi\u1ebft k\u1ebf v\u00e0 in \u1ea5n nh\u00e3n m\u00e1c s\u1ea3n ph\u1ea9m. Nhi\u1ec1u ch\u00ednh s\u00e1ch h\u1ed7 tr\u1ee3 gi\u00e1 cho kh\u00e1ch h\u00e0ng, cam k\u1ebft ch\u1ea5t l\u01b0\u1ee3ng cao nh\u1ea5t.<\/p>\n<h3>D\u1ecbch v\u1ee5 in nh\u00e3n m\u00e1c h\u00e0ng \u0111\u1ea7u H\u00e0 N\u1ed9i<\/h3>\n<p>C\u00e1c s\u1ea3n ph\u1ea9m tem nh\u00e3n t\u1ea1i\u00a0<strong>In \u0110\u1ee9c Kh\u00e1nh<\/strong>: in tem decal, decal gi\u1ea5y, nh\u00e3n gi\u1ea5y, tem trong, tem b\u1ea3o h\u00e0nh, m\u00e1c nh\u00f4m, m\u00e1c m\u00e1y, tem v\u1ee1, tem 7 m\u00e0u&#8230;<\/p>\n<p>Quy tr\u00ecnh: &#8220;<em><strong>Ti\u1ebfp nh\u1eadn y\u00eau c\u1ea7u -&gt; T\u01b0 v\u1ea5n b\u00e1o gi\u00e1 in nh\u00e3n -&gt; Thi\u1ebft k\u1ebf theo y\u00eau c\u1ea7u -&gt; Quy tr\u00ecnh in v\u00e0 gia c\u00f4ng(3 &#8211; 5 t\u00f9y s\u1ed1 l\u01b0\u1ee3ng) -&gt; Thanh to\u00e1n giao h\u00e0ng<\/strong>&#8220;<\/em><\/p>\n<p>Lu\u00f4n lu\u00f4n \u0111\u1eb7t ch\u1ea5t l\u01b0\u1ee3ng s\u1ea3n ph\u1ea9m l\u00ean h\u00e0ng \u0111\u1ea7u l\u00e0 ti\u00eau ch\u00ed ph\u00e1t tri\u1ec3n c\u1ee7a ch\u00fang t\u00f4i, v\u1edbi vi\u1ec7c s\u1eed d\u1ee5ng m\u00e1y in Offset lu\u00f4n mang \u0111\u1ebfn cho b\u1ea1n s\u1ea3n ph\u1ea9m ch\u1ea5t l\u01b0\u1ee3ng nh\u1ea5t.<\/p>\n<p><img loading=\"lazy\" class=\"aligncenter size-full wp-image-492\" src=\"http:\/\/induckhanh.com\/wp-content\/uploads\/2018\/03\/6-2.jpg\" alt=\"\" width=\"800\" height=\"600\" srcset=\"https:\/\/c373-induckhanh.com-vn.net\/wp-content\/uploads\/2018\/03\/6-2.jpg 800w, https:\/\/c373-induckhanh.com-vn.net\/wp-content\/uploads\/2018\/03\/6-2-300x225.jpg 300w, https:\/\/c373-induckhanh.com-vn.net\/wp-content\/uploads\/2018\/03\/6-2-768x576.jpg 768w, https:\/\/c373-induckhanh.com-vn.net\/wp-content\/uploads\/2018\/03\/6-2-600x450.jpg 600w\" sizes=\"(max-width: 800px) 100vw, 800px\" \/><\/p>\n<p>&nbsp;<\/p>\n<p>Giao h\u00e0ng nhanh ch\u00f3ng t\u1eadn n\u01a1i, b\u1ea1n kh\u00f4ng c\u1ea7n ph\u1ea3i \u0111\u1ebfn v\u0103n ph\u00f2ng nh\u1eadn h\u00e0ng m\u00e0 ch\u00fang t\u1ed1i s\u1ebd giao h\u00e0ng mi\u1ec5n ph\u00ed t\u1eadn n\u01a1i cho b\u1ea1n \u0111\u00fang th\u1eddi gian nh\u01b0 trong h\u1ee3p \u0111\u1ed3ng.<\/p>\n<p>N\u1ebfu c\u00f3 b\u1ea5t k\u00ec y\u00eau c\u1ea7u n\u00e0o v\u1ec1 d\u1ecbch v\u1ee5 in nh\u00e3n m\u00e1c xin vui l\u00f2ng li\u00ean h\u1ec7 b\u00e1o gi\u00e1\u00a0theo s\u1ed1<\/p>\n<\/div>\n<p style=\"text-align: center;\"><span style=\"color: #0000ff;\"><em><strong><span class=\"text_exposed_show\">\u00a0<\/span><\/strong><\/em><\/span><strong>\u00a0<span style=\"color: #ff6600;\">H\u00c3Y G\u1eccI NGAY CHO CH\u00daNG T\u00d4I<\/span><\/strong><\/p>\n<p style=\"text-align: center;\"><span style=\"font-size: 18pt; color: #ff0000;\"><strong>Gi\u00e1 T\u1ed1t \u2013\u00a0T\u01b0 V\u1ea5n Mi\u1ec5n Ph\u00ed\u00a0&#8211; Hotline: 0971 979 596<\/strong><\/span><\/p>\n<p>&nbsp;<\/p>\n<h3 class=\"widget-title\" style=\"text-align: center;\"><span style=\"color: #0000ff;\">C\u00d4NG TY CP \u0110\u1ea6U T\u01af X\u00c2Y D\u1ef0NG V\u00c0 TH\u01af\u01a0NG M\u1ea0I \u0110\u1ee8C KH\u00c1NH<\/span><\/h3>\n<div class=\"textwidget\">\n<p style=\"text-align: center;\"><span style=\"color: #008000;\">\u0110C: T\u1ea7ng 5, khu v\u0103n ph\u00f2ng T\u00f2a A, t\u00f2a nh\u00e0 Imperia Garden, s\u1ed1 203 Nguy\u1ec5n Huy T\u01b0\u1edfng, Thanh Xu\u00e2n,H\u00e0 N\u1ed9i<\/span><\/p>\n<p style=\"text-align: center;\"><span style=\"color: #008000;\">X\u01b0\u1edfng SX: 640 Tr\u1ea7n Q\u00fay C\u00e1p, \u0110\u1ed1ng \u0110a, H\u00e0 N\u1ed9i<\/span><\/p>\n<p style=\"text-align: center;\"><span style=\"color: #008000;\">Email: xuonginduckhanh@gmail.com<\/span><\/p>\n<\/div>\n","protected":false},"excerpt":{"rendered":"<p>IN NH\u00c3N M\u00c1C In nh\u00e3n m\u00e1c gi\u00e1 r\u1ebb t\u1ea1i H\u00e0 N\u1ed9i\u00a0&#8211; Nh\u00e3n m\u00e1c l\u00e0 m\u1ed9t lo\u1ea1i tem, nh\u00e3n gi\u1ea5y d\u00e1n &hellip; <a class=\"link-more\" href=\"https:\/\/c373-induckhanh.com-vn.net\/?product=in-nhan-mac-02\" class=\"more-link\">\u0110\u1ecdc th\u00eam &raquo;<span class=\"screen-reader-text\"> &#8220;In nh\u00e3n m\u00e1c 02&#8221;<\/span><\/a><\/p>\n","protected":false},"featured_media":585,"comment_status":"open","ping_status":"closed","template":"","meta":[],"_links":{"self":[{"href":"https:\/\/c373-induckhanh.com-vn.net\/index.php?rest_route=\/wp\/v2\/product\/584"}],"collection":[{"href":"https:\/\/c373-induckhanh.com-vn.net\/index.php?rest_route=\/wp\/v2\/product"}],"about":[{"href":"https:\/\/c373-induckhanh.com-vn.net\/index.php?rest_route=\/wp\/v2\/types\/product"}],"replies":[{"embeddable":true,"href":"https:\/\/c373-induckhanh.com-vn.net\/index.php?rest_route=%2Fwp%2Fv2%2Fcomments&post=584"}],"wp:featuredmedia":[{"embeddable":true,"href":"https:\/\/c373-induckhanh.com-vn.net\/index.php?rest_route=\/wp\/v2\/media\/585"}],"wp:attachment":[{"href":"https:\/\/c373-induckhanh.com-vn.net\/index.php?rest_route=%2Fwp%2Fv2%2Fmedia&parent=584"}],"curies":[{"name":"wp","href":"https:\/\/api.w.org\/{rel}","templated":true}]}}