{"id":581,"date":"2018-03-09T16:37:21","date_gmt":"2018-03-09T09:37:21","guid":{"rendered":"http:\/\/induckhanh.com\/?post_type=product&#038;p=581"},"modified":"2018-03-09T16:37:21","modified_gmt":"2018-03-09T09:37:21","slug":"in-kep-file-02","status":"publish","type":"product","link":"https:\/\/c373-induckhanh.com-vn.net\/?product=in-kep-file-02","title":{"rendered":"In k\u1eb9p file 02"},"content":{"rendered":"<p>Nh\u1eadn\u00a0<strong>in k\u1eb9p file<\/strong>, k\u1eb9p t\u00e0i li\u1ec7u, k\u1eb9p h\u1ee3p \u0111\u1ed3ng cho doanh nghi\u1ec7p l\u01b0u h\u00e0nh n\u1ed9i b\u1ed9, trao\u00a0\u0111\u1ed5i v\u1edbi kh\u00e1ch h\u00e0ng<\/p>\n<p>K\u1eb9p file l\u00e0 v\u1eadt ph\u1ea9m s\u1eed d\u1ee5ng \u0111\u1ec3 ch\u1ee9a c\u00e1c gi\u1ea5y t\u1edd, h\u1ee3p \u0111\u1ed3ng, t\u00e0i li\u1ec7u t\u1edbi c\u00f4ng vi\u1ec7c \u0111\u01b0\u1ee3c d\u00f9ng trong n\u1ed9i b\u1ed9 doanh nghi\u1ec7p c\u0169ng nh\u01b0 ngo\u1ea1i giao v\u1edbi \u0111\u1ed1i t\u00e1c.\u00a0<strong>C\u00f4ng ty\u00a0In \u0110\u1ee9c Kh\u00e1nh<\/strong>\u00a0l\u00e0 \u0111\u01a1n v\u1ecb h\u00e0ng \u0111\u1ea7u trong l\u0129nh v\u1ef1c in \u1ea5n t\u1ea1i H\u00e0 N\u1ed9i.\u00a0V\u1edbi\u00a0t\u00ednh n\u0103ng\u00a0ch\u00ednh l\u00e0\u00a0s\u1eed d\u1ee5ng\u00a0\u0111\u1ec3 \u0111\u1ef1ng c\u00e1c t\u00e0i li\u1ec7u sao cho\u00a0g\u1ecdn g\u00e0ng, l\u1ecbch s\u1ef1 tr\u01b0\u1edbc khi g\u1eedi cho\u00a0\u0111\u1ed1i t\u00e1c ch\u00ednh v\u00ec th\u1ebf m\u00e0 n\u00f3 l\u00e0 m\u1ed9t s\u1ea3n ph\u1ea9m s\u00e1ng t\u1ea1o \u00fd ngh\u0129a, quan tr\u1ecdng \u0111\u1ed1i v\u1edbi m\u1ecdi doanh nghi\u1ec7p.<\/p>\n<p>&nbsp;<\/p>\n<p><img loading=\"lazy\" class=\"aligncenter size-large wp-image-512\" src=\"http:\/\/induckhanh.com\/wp-content\/uploads\/2018\/03\/14-1-1024x685.jpg\" alt=\"\" width=\"1000\" height=\"669\" srcset=\"https:\/\/c373-induckhanh.com-vn.net\/wp-content\/uploads\/2018\/03\/14-1-1024x685.jpg 1024w, https:\/\/c373-induckhanh.com-vn.net\/wp-content\/uploads\/2018\/03\/14-1-300x201.jpg 300w, https:\/\/c373-induckhanh.com-vn.net\/wp-content\/uploads\/2018\/03\/14-1-768x514.jpg 768w, https:\/\/c373-induckhanh.com-vn.net\/wp-content\/uploads\/2018\/03\/14-1-600x402.jpg 600w, https:\/\/c373-induckhanh.com-vn.net\/wp-content\/uploads\/2018\/03\/14-1.jpg 1200w\" sizes=\"(max-width: 1000px) 100vw, 1000px\" \/><\/p>\n<p>Th\u00f4ng tin\u00a0<strong>h\u00ecnh \u1ea3nh slogan<\/strong>\u00a0c\u0169ng nh\u01b0 chi ti\u1ebft li\u00ean h\u1ec7 s\u1ebd \u0111\u01b0\u1ee3c in l\u00ean \u0111\u00f3, kh\u1eb3ng \u0111\u1ecbnh th\u01b0\u01a1ng hi\u1ec7u c\u1ee7a b\u1ea1n \u0111\u1ed1i v\u1edbi kh\u00e1ch h\u00e0ng, ch\u00ednh v\u00ec th\u1ebf l\u1ef1a ch\u1ecdn \u0111\u01a1n v\u1ecb thi\u1ebft k\u1ebf v\u00e0 in \u1ea5n chuy\u00ean nghi\u1ec7p l\u00e0 \u0111i\u1ec1u m\u00e0 r\u1ea5t nhi\u1ec1u c\u00f4ng ty quan t\u00e2m \u0111\u1ebfn.<\/p>\n<h3>Thi\u1ebft k\u1ebf in k\u1eb9p File chuy\u00ean nghi\u1ec7p<\/h3>\n<p>V\u1edbi kinh nghi\u1ec7m trong vi\u1ec7c thi\u1ebft k\u1ebf in c\u00e1c s\u1ea3n ph\u1ea9m tr\u00ean c\u00e1c ch\u1ea5t li\u1ec7u gi\u1ea5y, decal,.. cho doanh nghi\u1ec7p l\u1edbn nh\u1ecf trong nhi\u1ec1u n\u0103m qua. \u0110\u1ed1i v\u1edbi b\u1ed9 nh\u1eadn di\u1ec7n th\u01b0\u01a1ng hi\u1ec7u th\u00ec k\u1eb9p\u00a0file, k\u1eb9p t\u00e0i li\u1ec7u l\u00e0 ph\u1ea7n thi\u1ebft y\u1ebfu v\u00e0 c\u1ea7n thi\u1ebft \u0111\u1ed1i v\u1edbi b\u1ea5t k\u00ec \u0111\u01a1n v\u1ecb n\u00e0o. Vi\u1ec7c chuy\u1ec3n giao t\u00e0i li\u1ec7u s\u1ebd tr\u1edf n\u00ean chuy\u00ean nghi\u1ec7p v\u00e0 \u1ea5n t\u01b0\u1ee3ng h\u01a1n, ch\u00fang t\u00f4i s\u1ebd t\u01b0 v\u1ea5n h\u1ed7 tr\u1ee3 gi\u00fap b\u1ea1n s\u1edf h\u1eefu m\u1ea7u s\u1ea3n ph\u1ea9m t\u1ed1t nh\u1ea5t.<\/p>\n<p>K\u00edch th\u01b0\u1edbc th\u00f4ng th\u01b0\u1eddng c\u1ee7a t\u00e0i li\u1ec7u l\u00e0 A4, ch\u00ednh v\u00ec th\u1ebf k\u1eb9p file s\u1ebd c\u00f3 k\u00edch th\u01b0\u1edbc l\u1edbn h\u01a1n A4 1 ch\u00fat , ch\u1ea5t li\u1ec7u gi\u1ea5y ph\u00f9 h\u1ee3p l\u00e0 gi\u1ea5y C 250 &#8211; 300 gsm. \u0110\u1ea3m b\u1ea3o \u0111\u1ed9 c\u1ee9ng cho s\u1ea3n ph\u1ea9m c\u0169ng nh\u01b0 \u0111\u1ed9 s\u00e1ng b\u00f3ng d\u1ebbo dai s\u1ebd t\u0103ng \u0111\u1ed9 t\u01b0\u01a1ng ph\u1ea3n v\u00e0 s\u1ef1 sang tr\u1ecdng c\u1ee7a\u00a0<strong>m\u1eabu k\u1eb9p file.<\/strong><\/p>\n<p>&nbsp;<\/p>\n<p><img loading=\"lazy\" class=\"aligncenter size-large wp-image-513\" src=\"http:\/\/induckhanh.com\/wp-content\/uploads\/2018\/03\/15-1-1024x683.jpg\" alt=\"\" width=\"1000\" height=\"667\" srcset=\"https:\/\/c373-induckhanh.com-vn.net\/wp-content\/uploads\/2018\/03\/15-1.jpg 1024w, https:\/\/c373-induckhanh.com-vn.net\/wp-content\/uploads\/2018\/03\/15-1-300x200.jpg 300w, https:\/\/c373-induckhanh.com-vn.net\/wp-content\/uploads\/2018\/03\/15-1-768x512.jpg 768w, https:\/\/c373-induckhanh.com-vn.net\/wp-content\/uploads\/2018\/03\/15-1-600x400.jpg 600w\" sizes=\"(max-width: 1000px) 100vw, 1000px\" \/><\/p>\n<p>Sau qu\u00e1 tr\u00ecnh in \u1ea5n, K\u1eb9p file \u0111\u01b0\u1ee3c chuy\u1ec3n qua kh\u00e2u t\u1ea1o h\u00ecnh nh\u01b0 khu\u00f4n b\u1ebf c\u00f3 m\u00e9p g\u1ea5p th\u00e0nh ng\u0103n x\u1ebfp t\u00e0i li\u1ec7u ( tu\u1ef3 theo c\u00f3 nhu c\u1ea7u c\u1ee7a ng\u01b0\u1eddi d\u00f9ng m\u00e0 c\u00f3 1 hay 2 ng\u0103n x\u1ebfp ). \u0110\u1ed1i v\u1edbi nh\u1eefng y\u00eau c\u1ea7u v\u1ec1 s\u1ea3n ph\u1ea9m cao c\u1ea5p vi\u1ec7c \u00e9p kim, th\u00fac n\u1ed5i t\u1ea1o \u0111i\u1ec3m nh\u1ea5n cho logo doanh nghi\u1ec7p b\u1ea1n, c\u00e1n m\u1edd\u00a0c\u00e1n b\u00f3ng \u0111\u1ec3 t\u0103ng \u0111\u1ed9 b\u1ec1n tr\u00e1nh c\u00e1c y\u1ebfu t\u1ed1 c\u1ee7a th\u1eddi ti\u1ebft. V\u1edbi c\u00f4ng ngh\u1ec7 in Offset th\u00ec vi\u1ec7c in \u1ea5n s\u1ed1 l\u01b0\u1ee3ng nhi\u1ec1u s\u1ebd gi\u1ea3m t\u1ed1i \u0111a chi ph\u00ed in,<\/p>\n<p>Ngo\u00e0i ra ch\u00fang t\u00f4i c\u00f2n ph\u1ee5c v\u1ee5\u00a0<strong>in Catalogue<\/strong>, in \u1ea5n Profile, in ti\u00eau \u0111\u1ec1 th\u01b0,<strong>\u00a0in card visit<\/strong>.. \u1ea5n ph\u1ea9m doanh nghi\u1ec7p cho b\u1ea5t k\u00ec nhu c\u1ea7u in kh\u00e1c c\u1ee7a b\u1ea1n.<\/p>\n<p>&nbsp;<\/p>\n<p style=\"text-align: center;\"><span style=\"color: #0000ff;\"><em><strong><span class=\"text_exposed_show\">\u00a0<\/span><\/strong><\/em><\/span><strong>\u00a0<span style=\"color: #ff6600;\">H\u00c3Y G\u1eccI NGAY CHO CH\u00daNG T\u00d4I<\/span><\/strong><\/p>\n<p style=\"text-align: center;\"><span style=\"font-size: 18pt; color: #ff0000;\"><strong>Gi\u00e1 T\u1ed1t \u2013\u00a0T\u01b0 V\u1ea5n Mi\u1ec5n Ph\u00ed\u00a0&#8211; Hotline: 0971 979 596<\/strong><\/span><\/p>\n<p>&nbsp;<\/p>\n<h3 class=\"widget-title\" style=\"text-align: center;\"><span style=\"color: #0000ff;\">C\u00d4NG TY CP \u0110\u1ea6U T\u01af X\u00c2Y D\u1ef0NG V\u00c0 TH\u01af\u01a0NG M\u1ea0I \u0110\u1ee8C KH\u00c1NH<\/span><\/h3>\n<div class=\"textwidget\">\n<p style=\"text-align: center;\"><span style=\"color: #008000;\">\u0110C: T\u1ea7ng 5, khu v\u0103n ph\u00f2ng T\u00f2a A, t\u00f2a nh\u00e0 Imperia Garden, s\u1ed1 203 Nguy\u1ec5n Huy T\u01b0\u1edfng, Thanh Xu\u00e2n,H\u00e0 N\u1ed9i<\/span><\/p>\n<p style=\"text-align: center;\"><span style=\"color: #008000;\">X\u01b0\u1edfng SX: 640 Tr\u1ea7n Q\u00fay C\u00e1p, \u0110\u1ed1ng \u0110a, H\u00e0 N\u1ed9i<\/span><\/p>\n<p style=\"text-align: center;\"><span style=\"color: #008000;\">Email: xuonginduckhanh@gmail.com<\/span><\/p>\n<\/div>\n","protected":false},"excerpt":{"rendered":"<p>Nh\u1eadn\u00a0in k\u1eb9p file, k\u1eb9p t\u00e0i li\u1ec7u, k\u1eb9p h\u1ee3p \u0111\u1ed3ng cho doanh nghi\u1ec7p l\u01b0u h\u00e0nh n\u1ed9i b\u1ed9, trao\u00a0\u0111\u1ed5i v\u1edbi kh\u00e1ch h\u00e0ng &hellip; <a class=\"link-more\" href=\"https:\/\/c373-induckhanh.com-vn.net\/?product=in-kep-file-02\" class=\"more-link\">\u0110\u1ecdc th\u00eam &raquo;<span class=\"screen-reader-text\"> &#8220;In k\u1eb9p file 02&#8221;<\/span><\/a><\/p>\n","protected":false},"featured_media":582,"comment_status":"open","ping_status":"closed","template":"","meta":[],"_links":{"self":[{"href":"https:\/\/c373-induckhanh.com-vn.net\/index.php?rest_route=\/wp\/v2\/product\/581"}],"collection":[{"href":"https:\/\/c373-induckhanh.com-vn.net\/index.php?rest_route=\/wp\/v2\/product"}],"about":[{"href":"https:\/\/c373-induckhanh.com-vn.net\/index.php?rest_route=\/wp\/v2\/types\/product"}],"replies":[{"embeddable":true,"href":"https:\/\/c373-induckhanh.com-vn.net\/index.php?rest_route=%2Fwp%2Fv2%2Fcomments&post=581"}],"wp:featuredmedia":[{"embeddable":true,"href":"https:\/\/c373-induckhanh.com-vn.net\/index.php?rest_route=\/wp\/v2\/media\/582"}],"wp:attachment":[{"href":"https:\/\/c373-induckhanh.com-vn.net\/index.php?rest_route=%2Fwp%2Fv2%2Fmedia&parent=581"}],"curies":[{"name":"wp","href":"https:\/\/api.w.org\/{rel}","templated":true}]}}