{"id":507,"date":"2018-03-09T13:50:15","date_gmt":"2018-03-09T06:50:15","guid":{"rendered":"http:\/\/induckhanh.com\/?post_type=product&#038;p=507"},"modified":"2018-03-09T14:48:35","modified_gmt":"2018-03-09T07:48:35","slug":"in-hop-giay-01","status":"publish","type":"product","link":"https:\/\/c373-induckhanh.com-vn.net\/?product=in-hop-giay-01","title":{"rendered":"In h\u1ed9p gi\u1ea5y 01"},"content":{"rendered":"<h1 class=\"tlt_newsdt\">IN H\u1ed8P GI\u1ea4Y<\/h1>\n<div class=\"content_newsdt\">\n<p><strong>In h\u1ed9p gi\u1ea5y, h\u1ed9p qu\u00e0 t\u1eb7ng, thi\u1ebft k\u1ebf in h\u1ed9p c\u1ee9ng chuy\u00ean nghi\u1ec7p t\u1ea1i H\u00e0 N\u1ed9i<\/strong><\/p>\n<p>In in h\u1ed9p gi\u1ea5y, h\u1ed9p qu\u00e0 t\u1eb7ng qu\u00e0 t\u1eb7ng l\u00e0 m\u1ed9t trong nh\u1eefng s\u1ea3n ph\u1ea9m h\u1ed9p th\u01b0\u1eddng \u0111\u01b0\u1ee3c s\u1eed d\u1ee5ng \u0111\u1ec3 ch\u1ee9a \u0111\u1ef1ng t\u1ea5t c\u1ea3 c\u00e1c s\u1ea3n ph\u1ea9m hay h\u1ed9p qu\u00e0 k\u1ef7 ni\u1ec7m \u0111\u1ec3 trao t\u1eb7ng cho nh\u1eefng ng\u01b0\u1eddi b\u1ea1n, ng\u01b0\u1eddi th\u00e2n trong ng\u00e0y l\u1ec5, t\u1ebft \u200b\u200bhay trong m\u1ed9t s\u1ef1 ki\u1ec7n n\u00e0o \u0111\u00f3.<\/p>\n<h3>In h\u1ed9p qu\u00e0 t\u1eb7ng \u2013 h\u1ed9p c\u1ee9ng gi\u00e1 r\u1ebb t\u1ea1i H\u00e0 N\u1ed9i.<\/h3>\n<p>C\u0169ng gi\u1ed1ng nh\u01b0 c\u00e1c lo\u1ea1i h\u1ed9p c\u00e0 ph\u00ea, h\u1ed9p y\u1ebfn s\u00e0o, h\u1ed9p qu\u00e0 t\u1eb7ng \u2013 H\u1ed9p c\u1ee9ng cao c\u1ea5p kh\u00f4ng nh\u1eefng c\u00f3 t\u00e1c d\u1ee5ng l\u00e0m t\u0103ng th\u00eam v\u1ebb \u0111\u1eb9p th\u1ea9m m\u1ef9, gi\u00e1 tr\u1ecb c\u1ee7a m\u00f3n qu\u00e0 m\u00e0 n\u00f3 c\u00f2n c\u00f3 t\u00ednh ch\u1ea5t qu\u1ea3ng c\u00e1o th\u01b0\u01a1ng hi\u1ec7u mang l\u1ea1i hi\u1ec7u qu\u1ea3 r\u1ea5t cao h\u01a1n c\u1ea3 mong \u0111\u1ee3i. M\u1ed7i m\u1ed9t m\u00f3n qu\u00e0 t\u1eb7ng th\u01b0\u1eddng ph\u1ea3i \u0111\u00ednh k\u00e8m v\u1edbi m\u1ed9t chi\u1ebfc h\u1ed9p \u0111\u1ef1ng. V\u00e0 in \u1edf \u0111\u00e2u \u0111\u1ec3 \u0111\u01b0\u1ee3c h\u01b0\u1edfng \u01b0u \u0111\u00e3i nh\u1ea5t v\u1ec1 gi\u00e1 c\u1ea3 m\u00e0 v\u1eabn \u0111em l\u1ea1i ch\u1ea5t l\u01b0\u1ee3ng t\u1ed1t.<\/p>\n<\/div>\n<p>&nbsp;<\/p>\n<p><img loading=\"lazy\" class=\"aligncenter size-full wp-image-522\" src=\"http:\/\/induckhanh.com\/wp-content\/uploads\/2018\/03\/9.png\" alt=\"\" width=\"656\" height=\"530\" srcset=\"https:\/\/c373-induckhanh.com-vn.net\/wp-content\/uploads\/2018\/03\/9.png 656w, https:\/\/c373-induckhanh.com-vn.net\/wp-content\/uploads\/2018\/03\/9-300x242.png 300w, https:\/\/c373-induckhanh.com-vn.net\/wp-content\/uploads\/2018\/03\/9-600x485.png 600w\" sizes=\"(max-width: 656px) 100vw, 656px\" \/><\/p>\n<div class=\"content_newsdt\">\n<h3>C\u00e1c c\u00f4ng \u0111o\u1ea1n c\u1ea7n thi\u1ebft\u00a0khi in h\u1ed9p gi\u1ea5y<\/h3>\n<p>\u0110\u1ec3<strong>\u00a0in h\u1ed9p gi\u1ea5y, h\u1ed9p s\u1ea3n ph\u1ea9m<\/strong>\u00a0\u0111\u1eb9p v\u00e0 ch\u1ea5t l\u01b0\u1ee3ng, kh\u00f4ng ph\u1ea3i ai c\u0169ng bi\u1ebft \u0111\u1ebfn c\u00e1c c\u00f4ng \u0111o\u1ea1n l\u00e0m n\u00ean ch\u00fang. V\u00e0 c\u00f4ng \u0111o\u1ea1n \u0111\u1ea7u ti\u00ean l\u00e0 ch\u1ecdn ch\u1ea5t li\u1ec7u, ph\u1ea7n n\u00e0y r\u1ea5t quan tr\u1ecdng, chi\u1ebfm ph\u1ea7n kh\u00f4ng nh\u1ecf trong quy\u1ebft \u0111\u1ecbnh cho \u0111\u1ebfn ch\u1ea5t l\u01b0\u1ee3ng s\u1ea3n ph\u1ea9m.<br \/>\nCh\u1ea5t li\u1ec7u gi\u1ea5y \u0111\u01b0\u1ee3c l\u1ef1a ch\u1ecdn \u0111\u1ec3 in h\u1ed9p: C\u00e1c ch\u1ea5t li\u1ec7u gi\u1ea5y ph\u1ed5 bi\u1ebfn th\u00f4ng th\u01b0\u1eddng s\u1eed d\u1ee5ng: Ivory, Duplex, Bristol, Carton s\u00f3ng E, Couches, gi\u1ea5y gh\u00e9p m\u00e0ng Metallized\u2026<\/p>\n<p>H\u1ec7 th\u1ed1ng m\u00e1y in Offset chuy\u00ean nghi\u1ec7p mang l\u1ea1i cho b\u1ea1n ch\u1ea5t l\u01b0\u1ee3ng m\u00e0u s\u1eafc in \u0111\u1eb9p nh\u1ea5t, th\u1eddi gian in nhanh ch\u00f3ng ti\u1ebft ki\u1ec7m chi ph\u00ed, b\u1ea1n c\u00f3 th\u1ec3 \u0111\u1eb7t h\u00e0ng h\u1ed9p m\u1eabu, ho\u1eb7c s\u1ed1 l\u01b0\u1ee3ng \u00edt<\/p>\n<p>C\u00e1c c\u00f4ng \u0111o\u1ea1n s\u1ea3n ph\u1ea9m sau in: t\u00f9y theo y\u00eau c\u1ea7u ri\u00eang c\u1ee7a m\u1ed7i lo\u1ea1i s\u1ea3n ph\u1ea9m m\u00e0 kh\u00e1ch h\u00e0ng y\u00eau c\u1ea7u m\u00e0 s\u1ebd c\u00f3 c\u00e1c h\u00ecnh th\u1ee9c gia c\u00f4ng kh\u00e1c nhau<br \/>\n+ B\u1ebf, c\u00e1n, d\u00e1n th\u00e0nh ph\u1ea9m.<br \/>\n+ C\u00f4ng \u0111o\u1ea1n \u0111\u01b0\u1ee3c coi l\u00e0 ph\u1ed5 bi\u1ebfn nh\u1ea5t l\u00e0 c\u00f4ng \u0111o\u1ea1n c\u00e1n m\u00e0ng, c\u00f3 th\u1ec3 l\u00e0 m\u00e0ng m\u1edd ho\u1eb7c m\u00e0ng b\u00f3ng nh\u1eb1m ho\u00e0n thi\u1ec7n th\u00eam s\u1ea3n ph\u1ea9m in \u1ea5n v\u00e0 b\u1ea3o v\u1ec7 s\u1ea3n ph\u1ea9m, ch\u1ed1ng th\u1ea5m n\u01b0\u1edbc.<br \/>\n+ \u00c9p kim, n\u1ed5i, d\u1eadp ch\u00ecm, t\u1ea1o g\u00e2n, t\u1ea1o ra s\u1ef1 n\u1ed5i b\u1eadt v\u1ec1 chi ti\u1ebft v\u00e0 t\u00ednh th\u1ea9m m\u1ef9 cao, \u0111\u1ed9 sang tr\u1ecdng cho s\u1ea3n ph\u1ea9m.<br \/>\n+ X\u1ecf d\u00e2y, d\u00e1n c\u1eeda s\u1ed5.<\/p>\n<\/div>\n<p>&nbsp;<\/p>\n<p><img loading=\"lazy\" class=\"aligncenter size-full wp-image-523\" src=\"http:\/\/induckhanh.com\/wp-content\/uploads\/2018\/03\/20.jpg\" alt=\"\" width=\"800\" height=\"600\" srcset=\"https:\/\/c373-induckhanh.com-vn.net\/wp-content\/uploads\/2018\/03\/20.jpg 800w, https:\/\/c373-induckhanh.com-vn.net\/wp-content\/uploads\/2018\/03\/20-300x225.jpg 300w, https:\/\/c373-induckhanh.com-vn.net\/wp-content\/uploads\/2018\/03\/20-768x576.jpg 768w, https:\/\/c373-induckhanh.com-vn.net\/wp-content\/uploads\/2018\/03\/20-600x450.jpg 600w\" sizes=\"(max-width: 800px) 100vw, 800px\" \/><\/p>\n<div class=\"content_newsdt\">\n<p>C\u00f4ng ty\u00a0<strong>in H\u1ea1o Nam<\/strong>\u00a0t\u1ef1 h\u00e0o l\u00e0 m\u1ed9t c\u01a1 s\u1edf<strong>\u00a0in bao b\u00ec h\u1ed9p gi\u1ea5y\u00a0gi\u00e1 r\u1ebb<\/strong>, uy t\u00edn nh\u1ea5t t\u1ea1i H\u00e0 N\u1ed9i.<br \/>\nKhi l\u00e0m vi\u1ec7c v\u1edbi ch\u00fang t\u00f4i, c\u00e1c b\u1ea1n s\u1ebd nh\u1eadn \u0111\u01b0\u1ee3c nh\u1eefng \u01b0u \u0111\u00e3i \u0111\u1eb7c bi\u1ec7t m\u00e0 kh\u00f4ng ph\u1ea3i c\u00f4ng ty n\u00e0o c\u0169ng c\u00f3.<\/p>\n<p>+ T\u01b0 v\u1ea5n mi\u1ec5n ph\u00ed nhi\u1ec7t t\u00ecnh t\u1eeb \u0111\u1ed9i ng\u0169 nh\u00e2n vi\u00ean chuy\u00ean nghi\u1ec7p v\u1ec1 c\u00e1c ch\u1ea5t li\u1ec7u gi\u1ea5y, m\u1eabu m\u00e3, c\u00f4ng ngh\u1ec7 gia c\u00f4ng hay gi\u00e1 th\u00e0nh s\u1ea3n ph\u1ea9m\u2026<\/p>\n<p>+ Thi\u1ebft k\u1ebf mi\u1ec5n ph\u00ed theo y\u00eau c\u1ea7u c\u1ee7a t\u1eebng kh\u00e1ch h\u00e0ng.<\/p>\n<p>+ Kh\u00e1ch h\u00e0ng s\u1ebd duy\u1ec7t m\u1eabu thi\u1ebft k\u1ebf khi n\u00e0o qu\u00fd kh\u00e1ch h\u00e0i l\u00f2ng ch\u00fang t\u00f4i m\u1edbi b\u1eaft \u0111\u1ea7u \u0111\u1eb7t h\u00e0ng.<\/p>\n<p>+ Th\u1eddi gian gia c\u00f4ng \u0111\u01b0\u1ee3c \u0111\u1ea3m b\u1ea3o l\u00e0 \u0111\u00fang h\u1eb9n, giao h\u00e0ng nhanh ch\u00f3ng.<\/p>\n<p>+ T\u1eeb kh\u00e2u thi\u1ebft k\u1ebf, duy\u1ec7t m\u1eabu, \u0111\u1eb7t h\u00e0ng \u0111\u1ebfn kh\u00e2u giao nh\u1eadn s\u1ea3n ph\u1ea9m ti\u1ec7n l\u1ee3i v\u00e0 nhanh ch\u00f3ng.<br \/>\nN\u1ebfu c\u00f4ng ty b\u1ea1n \u0111ang c\u00f3 nhu c\u1ea7u v\u1ec1 in h\u1ed9p qu\u00e0 t\u1eb7ng \u2013 h\u1ed9p c\u1ee9ng, h\u00e3y li\u00ean h\u1ec7 v\u1edbi c\u00f4ng ty ch\u00fang t\u00f4i ngay \u0111\u1ec3 \u0111\u01b0\u1ee3c t\u01b0 v\u1ea5n c\u1ee5 th\u1ec3 h\u01a1n,chi ti\u1ebft h\u01a1n n\u1eefa. C\u00f4ng<strong>\u00a0in H\u1ea1o Nam<\/strong>\u00a0l\u00e0 \u0111\u1ecba ch\u1ec9 nh\u1eadn\u00a0<strong>in h\u1ed9p gi\u1ea5y<\/strong>, in h\u1ed9p qu\u00e0 t\u1eb7ng, h\u1ed9p t\u1ecfi \u0111en, y\u1ebfn s\u00e0o, nh\u00e2n s\u00e2m..\u00a0gi\u00e1 r\u1ebb t\u1ea1i H\u00e0 N\u1ed9i r\u1ea5t vui khi \u0111\u01b0\u1ee3c h\u1ee3p t\u00e1c v\u1edbi kh\u00e1ch h\u00e0ng!<\/p>\n<\/div>\n<p>&nbsp;<\/p>\n<p style=\"text-align: center;\"><span style=\"color: #0000ff;\"><em><strong><span class=\"text_exposed_show\">\u00a0<\/span><\/strong><\/em><\/span><strong>\u00a0<span style=\"color: #ff6600;\">H\u00c3Y G\u1eccI NGAY CHO CH\u00daNG T\u00d4I<\/span><\/strong><\/p>\n<p style=\"text-align: center;\"><span style=\"font-size: 18pt; color: #ff0000;\"><strong>Gi\u00e1 T\u1ed1t \u2013\u00a0T\u01b0 V\u1ea5n Mi\u1ec5n Ph\u00ed\u00a0&#8211; Hotline: 0971 979 596<\/strong><\/span><\/p>\n<p>&nbsp;<\/p>\n<h3 class=\"widget-title\" style=\"text-align: center;\"><span style=\"color: #0000ff;\">C\u00d4NG TY CP \u0110\u1ea6U T\u01af X\u00c2Y D\u1ef0NG V\u00c0 TH\u01af\u01a0NG M\u1ea0I \u0110\u1ee8C KH\u00c1NH<\/span><\/h3>\n<div class=\"textwidget\">\n<p style=\"text-align: center;\"><span style=\"color: #008000;\">\u0110C: T\u1ea7ng 5, khu v\u0103n ph\u00f2ng T\u00f2a A, t\u00f2a nh\u00e0 Imperia Garden, s\u1ed1 203 Nguy\u1ec5n Huy T\u01b0\u1edfng, Thanh Xu\u00e2n,H\u00e0 N\u1ed9i<\/span><\/p>\n<p style=\"text-align: center;\"><span style=\"color: #008000;\">X\u01b0\u1edfng SX: 640 Tr\u1ea7n Q\u00fay C\u00e1p, \u0110\u1ed1ng \u0110a, H\u00e0 N\u1ed9i<\/span><\/p>\n<p style=\"text-align: center;\"><span style=\"color: #008000;\">Email: xuonginduckhanh@gmail.com<\/span><\/p>\n<\/div>\n","protected":false},"excerpt":{"rendered":"<p>IN H\u1ed8P GI\u1ea4Y In h\u1ed9p gi\u1ea5y, h\u1ed9p qu\u00e0 t\u1eb7ng, thi\u1ebft k\u1ebf in h\u1ed9p c\u1ee9ng chuy\u00ean nghi\u1ec7p t\u1ea1i H\u00e0 N\u1ed9i In &hellip; <a class=\"link-more\" href=\"https:\/\/c373-induckhanh.com-vn.net\/?product=in-hop-giay-01\" class=\"more-link\">\u0110\u1ecdc th\u00eam &raquo;<span class=\"screen-reader-text\"> &#8220;In h\u1ed9p gi\u1ea5y 01&#8221;<\/span><\/a><\/p>\n","protected":false},"featured_media":522,"comment_status":"open","ping_status":"closed","template":"","meta":[],"_links":{"self":[{"href":"https:\/\/c373-induckhanh.com-vn.net\/index.php?rest_route=\/wp\/v2\/product\/507"}],"collection":[{"href":"https:\/\/c373-induckhanh.com-vn.net\/index.php?rest_route=\/wp\/v2\/product"}],"about":[{"href":"https:\/\/c373-induckhanh.com-vn.net\/index.php?rest_route=\/wp\/v2\/types\/product"}],"replies":[{"embeddable":true,"href":"https:\/\/c373-induckhanh.com-vn.net\/index.php?rest_route=%2Fwp%2Fv2%2Fcomments&post=507"}],"wp:featuredmedia":[{"embeddable":true,"href":"https:\/\/c373-induckhanh.com-vn.net\/index.php?rest_route=\/wp\/v2\/media\/522"}],"wp:attachment":[{"href":"https:\/\/c373-induckhanh.com-vn.net\/index.php?rest_route=%2Fwp%2Fv2%2Fmedia&parent=507"}],"curies":[{"name":"wp","href":"https:\/\/api.w.org\/{rel}","templated":true}]}}