{"id":506,"date":"2018-03-09T13:47:34","date_gmt":"2018-03-09T06:47:34","guid":{"rendered":"http:\/\/induckhanh.com\/?post_type=product&#038;p=506"},"modified":"2018-03-09T14:48:25","modified_gmt":"2018-03-09T07:48:25","slug":"in-tui-giay-01","status":"publish","type":"product","link":"https:\/\/c373-induckhanh.com-vn.net\/?product=in-tui-giay-01","title":{"rendered":"In t\u00fai gi\u1ea5y\u00a001"},"content":{"rendered":"<h1 class=\"tlt_newsdt\">IN T\u00daI GI\u1ea4Y<\/h1>\n<div class=\"content_newsdt\">\n<p><strong>In t\u00fai gi\u1ea5y<\/strong>\u00a0gi\u00e1 r\u1ebb t\u1ea1i H\u00e0 N\u1ed9i\u00a0cho shop th\u1eddi trang, qu\u00e0 t\u1eb7ng, t\u00fai gi\u1ea5y qu\u00e0 t\u1eb7ng,.. t\u00fai gi\u1ea5y\u00a0v\u1eeba l\u00e0 s\u1ea3n ph\u1ea9m th\u00e2n thi\u1ec7n v\u1edbi m\u00f4i tr\u01b0\u1eddng m\u00e0 h\u01a1n h\u1ebft n\u00f3 l\u00e0 m\u1ed9t ph\u01b0\u01a1ng ti\u1ec7n ch\u1ee9a \u0111\u1ef1ng s\u1ea3n ph\u1ea9m h\u00e0ng h\u00f3a, qu\u00e0 t\u1eb7ng \u0111\u1ed9c \u0111\u00e1o v\u00e0 mang nhi\u1ec1u \u00fd ngh\u0129a.<\/p>\n<p>S\u1ef1 b\u00f9ng n\u1ed5 c\u1ee7a ngh\u00e0nh c\u00f4ng nghi\u1ec7p d\u1eabn \u0111\u1ebfn nhu c\u1ea7u v\u1ec1 m\u1ed9t m\u1eabu<strong>\u00a0bao b\u00ec<\/strong>\u00a0c\u00f3 \u0111\u1ed9 b\u1ec1n cao, chi ph\u00ed h\u1ee3p l\u00fd, ch\u1ea5t l\u01b0\u1ee3ng t\u1ed1t \u0111\u1ec3 l\u00e0m qu\u00e0 t\u1eb7ng c\u0169ng nh\u01b0 bao b\u00ec cho s\u1ea3n ph\u1ea9m.<strong>\u00a0In t\u00fai gi\u1ea5y<\/strong>\u00a0l\u00e0 l\u1ef1a ch\u1ecdn t\u1ed1i \u01b0u nh\u1ea5t, b\u1edfi l\u1ebd gi\u1ea5y l\u00e0 v\u1eadt li\u1ec7u nh\u1eb9, gi\u00e1 th\u00e0nh r\u1ebb m\u00e0 l\u1ea1i r\u1ea5t an to\u00e0n trong b\u1ea3o qu\u1ea3n th\u1ef1c ph\u1ea9m c\u0169ng nh\u01b0 h\u00e0ng h\u00f3a. C\u00f4ng ngh\u1ec7 in Offset ph\u00e1t tri\u1ec3n gi\u00fap nh\u1eefng m\u1eabu t\u00fai tr\u1edf n\u00ean \u0111a d\u1ea1ng v\u1edbi nhi\u1ec1u m\u00e0u s\u1eafc, h\u00ecnh \u1ea3nh v\u00e0 ki\u1ec3u d\u00e1ng kh\u00e1c nhau.<\/p>\n<\/div>\n<p>&nbsp;<\/p>\n<p><img loading=\"lazy\" class=\"aligncenter size-full wp-image-516\" src=\"http:\/\/induckhanh.com\/wp-content\/uploads\/2018\/03\/18.jpg\" alt=\"\" width=\"811\" height=\"544\" srcset=\"https:\/\/c373-induckhanh.com-vn.net\/wp-content\/uploads\/2018\/03\/18.jpg 811w, https:\/\/c373-induckhanh.com-vn.net\/wp-content\/uploads\/2018\/03\/18-300x201.jpg 300w, https:\/\/c373-induckhanh.com-vn.net\/wp-content\/uploads\/2018\/03\/18-768x515.jpg 768w, https:\/\/c373-induckhanh.com-vn.net\/wp-content\/uploads\/2018\/03\/18-600x402.jpg 600w\" sizes=\"(max-width: 811px) 100vw, 811px\" \/><\/p>\n<div class=\"content_newsdt\">\n<h3>In t\u00fai gi\u1ea5y xu h\u01b0\u1edbng m\u1edbi c\u1ee7a ng\u01b0\u1eddi ti\u00eau d\u00f9ng<\/h3>\n<p>Hi\u1ec7n nay b\u1ea5t k\u00ec h\u00e3ng th\u1eddi trang, c\u1eeda h\u00e0ng n\u00e0o \u0111\u1ec1u s\u1eed d\u1ee5ng t\u00fai gi\u1ea5y nh\u01b0 m\u1ed9t h\u00ecnh th\u1ee9c b\u1ea3o qu\u1ea3n h\u00e0ng h\u00f3a ch\u00ednh, thay th\u1ebf d\u1eabn vi\u1ec7c l\u1ea1m d\u1ee5ng t\u00fai nilon: t\u00fai gi\u1ea5y th\u1eddi trang, t\u00fai \u0111\u1ef1ng thi\u1ebft b\u1ecb c\u00f4ng ngh\u1ec7,\u00a0<strong>t\u00fai gi\u1ea5y \u0111\u1ef1ng qu\u00e0 t\u1eb7ng<\/strong>\u00a0c\u1ee7a doanh nghi\u1ec7p, t\u00fai Kraft \u0111\u1ef1ng b\u00e1nh m\u00ec,..<br \/>\nCh\u00ednh b\u1ecfi t\u00ednh ti\u1ec7n d\u1ee5ng an to\u00e0n v\u00e0 \u0111\u1ed9 b\u1ec1n cao, h\u01a1n n\u1eefa doanh nghi\u1ec7p c\u1eeda h\u00e0ng c\u00f3 th\u1ec3 in l\u00ean \u0111\u1ed1 h\u00ecnh \u1ea3nh mang d\u1ea5u \u1ea5n th\u01b0\u01a1ng hi\u1ec7u, t\u1eeb \u0111\u00f3 m\u1ed7i l\u1ea7n s\u1eed d\u1ee5ng n\u00f3 s\u1ebd nh\u01b0 m\u1ed9t l\u1ea7n g\u1ee3i nh\u1eafc v\u1ec1 ch\u1ea5t l\u01b0\u1ee3ng ph\u1ee5c v\u1ee5 c\u1ee7a b\u1ea1n v\u1edbi kh\u00e1ch h\u00e0ng. Y\u1ebfu t\u1ed1 ghi nh\u1edb g\u1ee3i nh\u1eafc l\u00e0 th\u00e0nh c\u00f4ng l\u1edbn nh\u1ea5t \u0111\u1ed1i v\u1edbi b\u1ea5t k\u00ec qu\u00e1 tr\u00ecnh Marketing n\u00e0o.<\/p>\n<h3>T\u01b0 v\u1ea5n l\u1ef1a ch\u1ecdn ch\u1ea5t li\u1ec7u, c\u00f4ng ngh\u1ec7 in t\u00fai gi\u1ea5y t\u1ea1i In H\u1ea1o Nam<\/h3>\n<p>Kh\u1ed5 gi\u1ea5y: \u0111\u00e2y l\u00e0 \u0111i\u1ec1u \u0111\u1ea7u ti\u00ean c\u1ea7n quan t\u00e2m b\u1edfi m\u1ed7i lo\u1ea1i s\u1ea3n ph\u1ea9m kh\u00e1c nhau s\u1ebd c\u00f3 k\u00edch th\u01b0\u1edbc ki\u1ec3u d\u00e1ng c\u0169ng nh\u01b0 tr\u1ecdng l\u01b0\u1ee3ng kh\u00e1c nhau. D\u1ef1a v\u00e0o \u0111\u00f3 ch\u00fang t\u1ed1i s\u1ebd t\u01b0 v\u1ea5n gi\u00fap b\u1ea1n l\u1ef1a ch\u1ecdn c\u00e1c k\u00edch th\u01b0\u1edbc t\u00fai kh\u00e1c nhau<br \/>\nCh\u1ea5t li\u1ec7u gi\u1ea5y: th\u00f4ng th\u01b0\u1eddng l\u00e0 c\u00e1c lo\u1ea1i gi\u1ea5y C250 tr\u1edf l\u00ean, ho\u1eb7c c\u00e1c d\u00f2ng gi\u1ea5y kraft, Duplex..<br \/>\nC\u00f4ng ngh\u1ec7 in \u1ea5n:\u00a0<strong>In Offset<\/strong>\u00a04 m\u00e0u CMYK ti\u00ean ti\u1ebfn hi\u1ec7n \u0111\u1ea1i nh\u1ea5t hi\u1ec7n nay<br \/>\nGia c\u00f4ng: B\u1ebf, g\u1ea5p, keo d\u00e1n, \u00c9p kim, ph\u1ee7 UV \u0111\u1ecbnh h\u00ecnh, th\u00fac n\u1ed5i &#8230; t\u00f9y theo y\u00eau c\u1ea7u in t\u00fai ri\u00eang c\u1ee7a kh\u00e1ch h\u00e0ng<br \/>\nKi\u1ec3m tra t\u1eebng s\u1ea3n ph\u1ea9m, s\u1ed1 l\u01b0\u1ee3ng v\u00e0 ch\u1ea5t l\u01b0\u1ee3ng sau \u0111\u00f3 s\u1ebd v\u1eadn chuy\u1ec3n mi\u1ec5n ph\u00ed t\u1eadn n\u01a1i theo \u0111\u1ecba ch\u1ec9 nh\u1eadn h\u00e0ng c\u1ee7a ban.<\/p>\n<\/div>\n<p>&nbsp;<\/p>\n<p><img loading=\"lazy\" class=\"aligncenter size-full wp-image-517\" src=\"http:\/\/induckhanh.com\/wp-content\/uploads\/2018\/03\/19.jpg\" alt=\"\" width=\"600\" height=\"406\" srcset=\"https:\/\/c373-induckhanh.com-vn.net\/wp-content\/uploads\/2018\/03\/19.jpg 600w, https:\/\/c373-induckhanh.com-vn.net\/wp-content\/uploads\/2018\/03\/19-300x203.jpg 300w\" sizes=\"(max-width: 600px) 100vw, 600px\" \/><\/p>\n<div class=\"content_newsdt\">\n<p>\u0110\u1ed1i v\u1edbi ch\u00fang t\u00f4i uy t\u00edn v\u00e0 ch\u1ea5t l\u01b0\u1ee3ng c\u0169ng nh\u01b0 gi\u00e1 th\u00e0nh l\u00e0 \u0111i\u1ec1u m\u00e0 ch\u00fang t\u00f4i t\u1ef1 h\u00e0o v\u1edbi b\u1ea5t k\u00ec kh\u00e1ch h\u00e0ng n\u00e0o. V\u1edbi ti\u00eau ch\u00ed \u0111\u00f3\u00a0<strong>In \u0110\u1ee9c Kh\u00e1nh<\/strong>\u00a0kh\u00f4ng ng\u1eefng n\u1ed9 l\u1ef1c ph\u1ea5n \u0111\u1ea5u \u0111\u1ec3 \u0111em \u0111\u1ebfn cho kh\u00e1ch h\u00e0ng nh\u1eefng s\u1ea3n ph\u1ea9m t\u00fai gi\u1ea5y ch\u1ea5t l\u01b0\u1ee3ng nh\u1ea5t.<br \/>\nNgo\u00e0i ra n\u1ebfu doanh nghi\u1ec7p b\u1ea1n c\u00f3 nhu c\u1ea7u in \u1ea5n tem nh\u00e3n, tem decal,\u00a0<strong>in Catalogue<\/strong>\u00a0doanh nghi\u1ec7p, in h\u1ed9p gi\u1ea5y hay t\u1edd r\u01a1i, phong b\u00ec. th\u00ec ch\u00fang t\u00f4i r\u1ea5t s\u1eb5n l\u00f2ng ph\u1ee5c v\u1ee5<\/p>\n<\/div>\n<p style=\"text-align: center;\"><span style=\"color: #0000ff;\"><em><strong><span class=\"text_exposed_show\">\u00a0<\/span><\/strong><\/em><\/span><strong>\u00a0<span style=\"color: #ff6600;\">H\u00c3Y G\u1eccI NGAY CHO CH\u00daNG T\u00d4I<\/span><\/strong><\/p>\n<p style=\"text-align: center;\"><span style=\"font-size: 18pt; color: #ff0000;\"><strong>Gi\u00e1 T\u1ed1t \u2013\u00a0T\u01b0 V\u1ea5n Mi\u1ec5n Ph\u00ed\u00a0&#8211; Hotline: 0971 979 596<\/strong><\/span><\/p>\n<p>&nbsp;<\/p>\n<h3 class=\"widget-title\" style=\"text-align: center;\"><span style=\"color: #0000ff;\">C\u00d4NG TY CP \u0110\u1ea6U T\u01af X\u00c2Y D\u1ef0NG V\u00c0 TH\u01af\u01a0NG M\u1ea0I \u0110\u1ee8C KH\u00c1NH<\/span><\/h3>\n<div class=\"textwidget\">\n<p style=\"text-align: center;\"><span style=\"color: #008000;\">\u0110C: T\u1ea7ng 5, khu v\u0103n ph\u00f2ng T\u00f2a A, t\u00f2a nh\u00e0 Imperia Garden, s\u1ed1 203 Nguy\u1ec5n Huy T\u01b0\u1edfng, Thanh Xu\u00e2n,H\u00e0 N\u1ed9i<\/span><\/p>\n<p style=\"text-align: center;\"><span style=\"color: #008000;\">X\u01b0\u1edfng SX: 640 Tr\u1ea7n Q\u00fay C\u00e1p, \u0110\u1ed1ng \u0110a, H\u00e0 N\u1ed9i<\/span><\/p>\n<p style=\"text-align: center;\"><span style=\"color: #008000;\">Email: xuonginduckhanh@gmail.com<\/span><\/p>\n<\/div>\n","protected":false},"excerpt":{"rendered":"<p>IN T\u00daI GI\u1ea4Y In t\u00fai gi\u1ea5y\u00a0gi\u00e1 r\u1ebb t\u1ea1i H\u00e0 N\u1ed9i\u00a0cho shop th\u1eddi trang, qu\u00e0 t\u1eb7ng, t\u00fai gi\u1ea5y qu\u00e0 t\u1eb7ng,.. t\u00fai &hellip; <a class=\"link-more\" href=\"https:\/\/c373-induckhanh.com-vn.net\/?product=in-tui-giay-01\" class=\"more-link\">\u0110\u1ecdc th\u00eam &raquo;<span class=\"screen-reader-text\"> &#8220;In t\u00fai gi\u1ea5y\u00a001&#8221;<\/span><\/a><\/p>\n","protected":false},"featured_media":516,"comment_status":"open","ping_status":"closed","template":"","meta":[],"_links":{"self":[{"href":"https:\/\/c373-induckhanh.com-vn.net\/index.php?rest_route=\/wp\/v2\/product\/506"}],"collection":[{"href":"https:\/\/c373-induckhanh.com-vn.net\/index.php?rest_route=\/wp\/v2\/product"}],"about":[{"href":"https:\/\/c373-induckhanh.com-vn.net\/index.php?rest_route=\/wp\/v2\/types\/product"}],"replies":[{"embeddable":true,"href":"https:\/\/c373-induckhanh.com-vn.net\/index.php?rest_route=%2Fwp%2Fv2%2Fcomments&post=506"}],"wp:featuredmedia":[{"embeddable":true,"href":"https:\/\/c373-induckhanh.com-vn.net\/index.php?rest_route=\/wp\/v2\/media\/516"}],"wp:attachment":[{"href":"https:\/\/c373-induckhanh.com-vn.net\/index.php?rest_route=%2Fwp%2Fv2%2Fmedia&parent=506"}],"curies":[{"name":"wp","href":"https:\/\/api.w.org\/{rel}","templated":true}]}}