{"id":505,"date":"2018-03-09T13:45:18","date_gmt":"2018-03-09T06:45:18","guid":{"rendered":"http:\/\/induckhanh.com\/?post_type=product&#038;p=505"},"modified":"2018-03-09T14:48:16","modified_gmt":"2018-03-09T07:48:16","slug":"in-phong-bi-01","status":"publish","type":"product","link":"https:\/\/c373-induckhanh.com-vn.net\/?product=in-phong-bi-01","title":{"rendered":"In phong b\u00ec 01"},"content":{"rendered":"<h1 class=\"tlt_newsdt\">IN PHONG B\u00cc<\/h1>\n<div class=\"content_newsdt\">\n<p><strong>In phong b\u00ec gi\u00e1 r\u1ebb, ch\u1ea5t l\u01b0\u1ee3ng t\u1ea1i H\u00e0 N\u1ed9i<\/strong><\/p>\n<p>Phong b\u00ec g\u1eedi th\u00f4ng tin, t\u00e0i li\u1ec7u, gi\u1ea5y t\u1edd\u00a0\u0111\u1ebfn kh\u00e1ch h\u00e0ng, \u0111\u00f3\u00a0l\u00e0 m\u1ed9t trong nh\u1eefng h\u00ecnh th\u1ee9c qu\u1ea3ng c\u00e1o s\u1ea3n ph\u1ea9m, x\u00e2y d\u1ef1ng th\u01b0\u01a1ng hi\u1ec7u cho doanh nghi\u1ec7p. Khi doanh nghi\u1ec7p c\u00f3 d\u1ecbch v\u1ee5 ho\u1eb7c s\u1ea3n ph\u1ea9m m\u1edbi, in phong b\u00ec ch\u00ednh l\u00e0 c\u00e1ch th\u1ee9c ti\u1ebfp c\u1eadn ng\u01b0\u1eddi ti\u00eau d\u00f9ng mang l\u1ea1i hi\u1ec7u qu\u1ea3 cao trong th\u1eddi gian ng\u1eafn.<\/p>\n<h3>C\u00e1c b\u01b0\u1edbc \u0111\u1ec3 s\u1edf h\u1eefu m\u1eabu phong b\u00ec \u01b0ng \u00fd.<\/h3>\n<p>\u0110\u1ec3 s\u1edf h\u1eefu m\u1eabu phong b\u00ec \u01b0ng \u00fd b\u1ea1n c\u1ea7n th\u1ef1c hi\u1ec7n nh\u1eefng b\u01b0\u1edbc sau:<\/p>\n<p>T\u00ecm ki\u1ebfm \u0111\u1ecba ch\u1ec9 in phong b\u00ec \u0111\u1ea3m b\u1ea3o ch\u1ea5t l\u01b0\u1ee3ng v\u00e0 d\u1ecbch v\u1ee5. B\u1ea1n n\u00ean \u0111\u00e1nh gi\u00e1 v\u00e0 so s\u00e1nh c\u00e1c b\u00ean cung c\u1ea5p d\u1ecbch v\u1ee5 in \u1ea5n, kh\u00f4ng n\u00ean ch\u1ec9 d\u1ef1a v\u00e0o m\u1ee9c gi\u00e1 hay ch\u1ea5t l\u01b0\u1ee3ng s\u1ea3n ph\u1ea9m. \u0110\u01a1n v\u1ecb cung c\u1ea5p c\u1ea7n \u0111\u00e1p \u1ee9ng \u0111\u01b0\u1ee3c: kh\u1ea3 n\u0103ng t\u01b0 v\u1ea5n, l\u1ef1a ch\u1ecdn m\u1eabu m\u00e3 phong b\u00ec ph\u00f9 h\u1ee3p v\u1edbi y\u00eau c\u1ea7u \u0111\u1eb7t ra v\u1edbi m\u1ee9c gi\u00e1 h\u1ee3p l\u00ed.<\/p>\n<\/div>\n<p>&nbsp;<\/p>\n<p><img loading=\"lazy\" class=\"aligncenter size-full wp-image-514\" src=\"http:\/\/induckhanh.com\/wp-content\/uploads\/2018\/03\/16-1.jpg\" alt=\"\" width=\"850\" height=\"510\" srcset=\"https:\/\/c373-induckhanh.com-vn.net\/wp-content\/uploads\/2018\/03\/16-1.jpg 850w, https:\/\/c373-induckhanh.com-vn.net\/wp-content\/uploads\/2018\/03\/16-1-300x180.jpg 300w, https:\/\/c373-induckhanh.com-vn.net\/wp-content\/uploads\/2018\/03\/16-1-768x461.jpg 768w, https:\/\/c373-induckhanh.com-vn.net\/wp-content\/uploads\/2018\/03\/16-1-600x360.jpg 600w\" sizes=\"(max-width: 850px) 100vw, 850px\" \/><\/p>\n<div class=\"content_newsdt\">\n<p>Ch\u1ecdn m\u1eabu thi\u1ebft k\u1ebf c\u1ee7a phong b\u00ec: Tr\u00ean th\u1ecb tr\u01b0\u1eddng hi\u1ec7n \u00a0c\u00f3 r\u1ea5t nhi\u1ec1u m\u1eabu phong b\u00ec thi\u1ebft k\u1ebf s\u00e1ng t\u1ea1o, h\u00ecnh \u1ea3nh \u0111\u1eb9p m\u1eaft, b\u1ea1n c\u00f3 th\u1ec3 l\u1ef1a ch\u1ecdn t\u00f9y theo \u00fd th\u00edch ho\u1eb7c \u0111\u1eb7t thi\u1ebft k\u1ebf theo y\u00eau c\u1ea7u c\u1ee7a doanh nghi\u1ec7p m\u00ecnh.<\/p>\n<p>N\u1ed9i dung phong b\u00ec: Tr\u00ean phong b\u00ec c\u00f3 nh\u1eefng th\u00f4ng tin c\u01a1 b\u1ea3n nh\u01b0 t\u00ean Doanh nghi\u1ec7p, \u0111\u1ecba ch\u1ec9, s\u1ea3n ph\u1ea9m cung c\u1ea5p, logo ho\u1eb7c h\u00ecnh \u1ea3nh c\u1ee7a c\u00f4ng ty, t\u1ed5 ch\u1ee9c<\/p>\n<p>L\u1ef1a ch\u1ecdn ch\u1ea5t li\u1ec7u gi\u1ea5y, m\u1ef1c in: c\u00e1c lo\u1ea1i gi\u1ea5y B\u00e3i B\u1eb1ng, gi\u1ea5y C hay c\u00e1c lo\u1ea1i gi\u1ea5y nh\u1eadp ngo\u1ea1i kh\u00e1c t\u00f9y theo y\u00eau c\u1ea7u. M\u00e0u in r\u00f5 n\u00e9t ch\u1ea5t l\u01b0\u1ee3ng tr\u00ean h\u1ec7 CMYK c\u1ee7a h\u1ec7 th\u1ed1ng m\u00e1y in Offset, m\u00e1y in k\u1ef9 thu\u1eadt s\u1ed1. T\u1ea1i x\u01b0\u1edfng gia c\u00f4ng t\u1ea1i\u00a0460 Tr\u1ea7n Qu\u00fd C\u00e1p, H\u00e0 N\u1ed9i ch\u00fang t\u00f4i c\u00f3 th\u1ec3 \u0111\u00e1p \u1ee9ng m\u1ecdi nhu c\u1ea7u in \u1ea5n c\u1ee7a kh\u00e1ch h\u00e0ng b\u1ea5t k\u1ec3 s\u1ed1 l\u01b0\u1ee3ng c\u0169ng nh\u01b0 \u0111\u1ea3m b\u1ea3o v\u1ec1 th\u1eddi gian giao h\u00e0ng.<\/p>\n<h3>C\u00f4ng ty in phong b\u00ec gi\u00e1 r\u1ebb uy t\u00edn t\u1ea1i H\u00e0 N\u1ed9i.<\/h3>\n<p><strong>In H\u1ea1o Nam<\/strong>\u00a0t\u1ef1 h\u00e0o l\u00e0 \u0111\u01a1n v\u1ecb in \u1ea5n c\u00f3 d\u1ecbch v\u1ee5 in phong b\u00ec gi\u00e1 r\u1ebb t\u1ed1t nh\u1ea5t hi\u1ec7n nay, ch\u00fang t\u00f4i cung c\u1ea5p d\u1ecbch v\u1ee5 chuy\u00ean nghi\u1ec7p, quy tr\u00ecnh l\u00e0m vi\u1ec7c hi\u1ec7n \u0111\u1ea1i, c\u00f4ng ngh\u1ec7 in ti\u00ean ti\u1ebfn c\u00e1c b\u1ea1n s\u1ebd c\u00f3 phong b\u00ec \u01b0ng \u00fd, gi\u00e1 c\u1ea3 ph\u1ea3i ch\u0103ng trong th\u1eddi gian ng\u1eafn nh\u1ea5t.<\/p>\n<p>V\u1edbi \u0111\u1ed9i ng\u0169 t\u01b0 v\u1ea5n vi\u00ean chuy\u00ean nghi\u1ec7p c\u00e1c b\u1ea1n s\u1ebd nh\u1eadn \u0111\u01b0\u1ee3c s\u1ef1 t\u01b0 v\u1ea5n nhi\u1ec7t t\u00ecnh v\u00e0 \u0111\u1ea7y \u0111\u1ee7 v\u1ec1 gi\u00e1 c\u1ea3, ch\u1ea5t l\u01b0\u1ee3ng d\u1ecbch v\u1ee5 in phong b\u00ec, gi\u00fap qu\u00fd v\u1ecb c\u00f3 l\u1ef1a ch\u1ecdn ph\u00f9 h\u1ee3p v\u1edbi y\u00eau c\u1ea7u c\u1ee7a m\u00ecnh.<\/p>\n<p>\u0110\u1ed9i ng\u0169 thi\u1ebft k\u1ebf c\u00f3 tr\u00ecnh \u0111\u1ed9 chuy\u00ean m\u00f4n k\u1ef9 thu\u1eadt cao: b\u1eb1ng \u0111\u1ed9i ng\u0169 nh\u00e2n vi\u00ean chuy\u00ean nghi\u1ec7p, c\u00f3 nhi\u1ec1u n\u0103m kinh nghi\u00eam c\u0169ng nh\u01b0 \u0111\u1ed9 s\u00e1ng t\u1ea1o cao ch\u00fang t\u00f4i cam k\u1ebft mang \u0111\u1ebfn cho qu\u00fd v\u1ecb nh\u1eefng m\u1eabu in phong b\u00ec c\u00f3 thi\u1ebft k\u1ebf \u0111\u1eb9p nh\u1ea5t gi\u00fap x\u00e2y d\u1ef1ng h\u00ecnh \u1ea3nh v\u00e0 th\u01b0\u01a1ng hi\u1ec7u cho doanh nghi\u1ec7p c\u1ee7a b\u1ea1n.<\/p>\n<\/div>\n<p>&nbsp;<\/p>\n<p><img loading=\"lazy\" class=\"aligncenter size-full wp-image-515\" src=\"http:\/\/induckhanh.com\/wp-content\/uploads\/2018\/03\/17.jpg\" alt=\"\" width=\"490\" height=\"400\" srcset=\"https:\/\/c373-induckhanh.com-vn.net\/wp-content\/uploads\/2018\/03\/17.jpg 490w, https:\/\/c373-induckhanh.com-vn.net\/wp-content\/uploads\/2018\/03\/17-300x245.jpg 300w\" sizes=\"(max-width: 490px) 100vw, 490px\" \/><\/p>\n<div class=\"content_newsdt\">\n<p>Nh\u1eb1m h\u01b0\u1edbng t\u1edbi c\u00e1c doanh nghi\u1ec7p kinh doanh, ch\u00fang t\u00f4i nh\u1eadn in \u1ea5n c\u00e1c s\u1ea3n ph\u1ea9m cho doanh nghi\u1ec7p kh\u00e1c nh\u01b0:\u00a0<strong>in catalogue<\/strong>, in card visit, in k\u1eb9p fle, profile gi\u00e1 r\u1ebb, in ti\u00eau \u0111\u1ec1 t\u1eeb, t\u1edd r\u01a1i qu\u1ea3ng c\u00e1o<\/p>\n<\/div>\n<p style=\"text-align: center;\"><span style=\"color: #0000ff;\"><em><strong><span class=\"text_exposed_show\">\u00a0<\/span><\/strong><\/em><\/span><strong>\u00a0<span style=\"color: #ff6600;\">H\u00c3Y G\u1eccI NGAY CHO CH\u00daNG T\u00d4I<\/span><\/strong><\/p>\n<p style=\"text-align: center;\"><span style=\"font-size: 18pt; color: #ff0000;\"><strong>Gi\u00e1 T\u1ed1t \u2013\u00a0T\u01b0 V\u1ea5n Mi\u1ec5n Ph\u00ed\u00a0&#8211; Hotline: 0971 979 596<\/strong><\/span><\/p>\n<p>&nbsp;<\/p>\n<h3 class=\"widget-title\" style=\"text-align: center;\"><span style=\"color: #0000ff;\">C\u00d4NG TY CP \u0110\u1ea6U T\u01af X\u00c2Y D\u1ef0NG V\u00c0 TH\u01af\u01a0NG M\u1ea0I \u0110\u1ee8C KH\u00c1NH<\/span><\/h3>\n<div class=\"textwidget\">\n<p style=\"text-align: center;\"><span style=\"color: #008000;\">\u0110C: T\u1ea7ng 5, khu v\u0103n ph\u00f2ng T\u00f2a A, t\u00f2a nh\u00e0 Imperia Garden, s\u1ed1 203 Nguy\u1ec5n Huy T\u01b0\u1edfng, Thanh Xu\u00e2n,H\u00e0 N\u1ed9i<\/span><\/p>\n<p style=\"text-align: center;\"><span style=\"color: #008000;\">X\u01b0\u1edfng SX: 640 Tr\u1ea7n Q\u00fay C\u00e1p, \u0110\u1ed1ng \u0110a, H\u00e0 N\u1ed9i<\/span><\/p>\n<p style=\"text-align: center;\"><span style=\"color: #008000;\">Email: xuonginduckhanh@gmail.com<\/span><\/p>\n<\/div>\n","protected":false},"excerpt":{"rendered":"<p>IN PHONG B\u00cc In phong b\u00ec gi\u00e1 r\u1ebb, ch\u1ea5t l\u01b0\u1ee3ng t\u1ea1i H\u00e0 N\u1ed9i Phong b\u00ec g\u1eedi th\u00f4ng tin, t\u00e0i li\u1ec7u, &hellip; <a class=\"link-more\" href=\"https:\/\/c373-induckhanh.com-vn.net\/?product=in-phong-bi-01\" class=\"more-link\">\u0110\u1ecdc th\u00eam &raquo;<span class=\"screen-reader-text\"> &#8220;In phong b\u00ec 01&#8221;<\/span><\/a><\/p>\n","protected":false},"featured_media":514,"comment_status":"open","ping_status":"closed","template":"","meta":[],"_links":{"self":[{"href":"https:\/\/c373-induckhanh.com-vn.net\/index.php?rest_route=\/wp\/v2\/product\/505"}],"collection":[{"href":"https:\/\/c373-induckhanh.com-vn.net\/index.php?rest_route=\/wp\/v2\/product"}],"about":[{"href":"https:\/\/c373-induckhanh.com-vn.net\/index.php?rest_route=\/wp\/v2\/types\/product"}],"replies":[{"embeddable":true,"href":"https:\/\/c373-induckhanh.com-vn.net\/index.php?rest_route=%2Fwp%2Fv2%2Fcomments&post=505"}],"wp:featuredmedia":[{"embeddable":true,"href":"https:\/\/c373-induckhanh.com-vn.net\/index.php?rest_route=\/wp\/v2\/media\/514"}],"wp:attachment":[{"href":"https:\/\/c373-induckhanh.com-vn.net\/index.php?rest_route=%2Fwp%2Fv2%2Fmedia&parent=505"}],"curies":[{"name":"wp","href":"https:\/\/api.w.org\/{rel}","templated":true}]}}