{"id":503,"date":"2018-03-09T13:40:04","date_gmt":"2018-03-09T06:40:04","guid":{"rendered":"http:\/\/induckhanh.com\/?post_type=product&#038;p=503"},"modified":"2018-03-09T14:47:36","modified_gmt":"2018-03-09T07:47:36","slug":"in-decal-01","status":"publish","type":"product","link":"https:\/\/c373-induckhanh.com-vn.net\/?product=in-decal-01","title":{"rendered":"In decal 01"},"content":{"rendered":"<h1 class=\"tlt_newsdt\">IN DECAL<\/h1>\n<div class=\"content_newsdt\">\n<p>In H\u1ea1o Nam l\u00e0 \u0111\u01a1n v\u1ecb nh\u1eadn\u00a0<strong>in decal<\/strong>, in tem nh\u00e3n uy t\u00edn gi\u00e1 r\u1ebb t\u1ea1i H\u00e0 N\u1ed9i, c\u00e1c s\u1ea3n ph\u1ea9m tem nh\u00e3n decal,<strong>in decal trong<\/strong>,\u00a0<strong>decal gi\u1ea5y<\/strong>, decal b\u1ea1c, b\u00f3ng k\u00ednh..<\/p>\n<p>Hi\u1ec7n nay v\u1edbi s\u1ef1 ph\u00e1t tri\u1ec3n c\u1ee7a c\u00e1c ng\u00e0nh s\u1ea3n xu\u1ea5t th\u1ef1c ph\u1ea9m, h\u00e0ng ti\u00eau d\u00f9ng, m\u1ef9 ph\u1ea9m, \u0111i\u1ec7n m\u00e1y.. th\u00ec vi\u1ec7c in tem decal l\u00e0 m\u1ed9t ph\u1ea7n quan tr\u1ecdng gi\u00fap kh\u00e1ch h\u00e0ng nh\u1eadn di\u1ec7n s\u1ea3n ph\u1eadm c\u1ee7a b\u1ea1n v\u1edbi c\u00e1c \u0111\u01a1n v\u1ecb kh\u00e1c.<\/p>\n<p>C\u00e1c s\u1ea3n ph\u1ea9m in decal ti\u00eau bi\u1ec3u hi\u1ec7n nay \u0111\u00f3 l\u00e0:<strong>\u00a0in tem decal trong, decal gi\u1ea5y, in decal b\u1ea1c, decal nh\u1ef1a<\/strong>\u00a0.. \u0110\u1eb7c \u0111i\u1ec3m chung l\u00e0 in l\u00ean m\u1ed9t m\u1eb7t c\u00e1c th\u00f4ng tin,h\u00ecnh \u1ea3nh v\u1ec1 s\u1ea3n ph\u1ea9m, h\u1ea1n s\u1eed d\u1ee5ng, b\u1ea3o h\u00e0nh, QR.. th\u00f4ng th\u01b0\u1eddng \u0111\u1ec3 \u0111\u1ea3m b\u1ea3o qu\u00e1 tr\u00ecnh s\u1eed d\u1ee5ng l\u00e2u d\u00e0i ch\u00fang s\u1ebd \u0111\u01b0\u1ee3c ph\u1ee7 1 l\u1edbp nilon trong su\u1ed1t gi\u00fap m\u00e0u in kh\u00f4ng b\u1ecb phai v\u00e0 c\u00f3 th\u1ec3 s\u1eed d\u1ee5ng \u0111\u01b0\u1ee3c trong nhi\u1ec1u m\u00f4i tr\u01b0\u1eddng kh\u00e1c nhau k\u1ec3 c\u1ea3 \u1ea9m \u01b0\u1edbt, nhi\u1ec7t \u0111\u1ed9 cao hay trong ph\u00f2ng l\u1ea1nh. M\u1eb7t c\u00f2n l\u1ea1i s\u1ebd \u0111\u01b0\u1ee3c tr\u00e1ng keo \u0111\u1ec3 c\u00f3 th\u1ec3 d\u00e1n l\u00ean b\u1ec1 m\u1eb7t.<\/p>\n<p><img loading=\"lazy\" class=\"aligncenter size-large wp-image-510\" src=\"http:\/\/induckhanh.com\/wp-content\/uploads\/2018\/03\/12-1-1024x519.jpg\" alt=\"\" width=\"1000\" height=\"507\" srcset=\"https:\/\/c373-induckhanh.com-vn.net\/wp-content\/uploads\/2018\/03\/12-1-1024x519.jpg 1024w, https:\/\/c373-induckhanh.com-vn.net\/wp-content\/uploads\/2018\/03\/12-1-300x152.jpg 300w, https:\/\/c373-induckhanh.com-vn.net\/wp-content\/uploads\/2018\/03\/12-1-768x389.jpg 768w, https:\/\/c373-induckhanh.com-vn.net\/wp-content\/uploads\/2018\/03\/12-1-600x304.jpg 600w, https:\/\/c373-induckhanh.com-vn.net\/wp-content\/uploads\/2018\/03\/12-1.jpg 1200w\" sizes=\"(max-width: 1000px) 100vw, 1000px\" \/><\/p>\n<p>&nbsp;<\/p>\n<h3>T\u01b0 v\u1ea5n in decal gi\u00e1 r\u1ebb t\u1ea1i H\u00e0 N\u1ed9i<\/h3>\n<p>Ph\u1ed5 bi\u1ebfn nh\u1ea5t hi\u1ec7n nay \u0111\u00f3 l\u00e0 in decal gi\u1ea5y, decal b\u00f3ng k\u00ednh ( trong su\u1ed1t), decal b\u1ea1c.. m\u1ed7i lo\u1ea1i c\u00f3 \u01b0u \u0111i\u1ec3m s\u1eed d\u1ee5ng c\u0169ng nh\u01b0 \u00e1p d\u1ee5ng cho c\u00e1c s\u1ea3n ph\u1ea9m kh\u00e1c nhau, t\u00f9y thu\u1ed9c v\u00e0o m\u1ee5c \u0111\u00edch v\u00e0 y\u00eau c\u1ea7u s\u1ea3n ph\u1ea9m m\u00e0 ch\u00fang t\u00f4i s\u1ebd gi\u00fap b\u1ea1n l\u1ef1a ch\u1ecdn s\u1ea3n ph\u1ea9m sao cho ph\u00f9 h\u1ee3p nh\u1ea5t.<\/p>\n<h3>Thi\u1ebft k\u1ebf gia c\u00f4ng v\u00e0 in \u1ea5n<\/h3>\n<p>Ch\u00fang t\u00f4i s\u1ebd h\u1ed7 tr\u1ee3 thi\u1ebft k\u1ebf theo y\u00eau c\u1ea7u c\u0169ng nh\u01b0 \u0111\u1eb7c \u0111i\u1ec3m chung v\u1ec1 l\u0129nh v\u1ef1c c\u1ee7a s\u1ea3n ph\u1ea9m. V\u1edbi kinh nghi\u1ec7m l\u00e2u n\u0103m trong ngh\u1ec1 ch\u00fang t\u00f4i cam k\u1ebft mang l\u1ea1i cho b\u1ea1n m\u1eabu s\u1ea3n ph\u1ea9m \u1ea5n t\u01b0\u1ee3ng nh\u1ea5t.<\/p>\n<p><img loading=\"lazy\" class=\"aligncenter size-full wp-image-511\" src=\"http:\/\/induckhanh.com\/wp-content\/uploads\/2018\/03\/13-1.jpg\" alt=\"\" width=\"560\" height=\"468\" srcset=\"https:\/\/c373-induckhanh.com-vn.net\/wp-content\/uploads\/2018\/03\/13-1.jpg 560w, https:\/\/c373-induckhanh.com-vn.net\/wp-content\/uploads\/2018\/03\/13-1-300x251.jpg 300w\" sizes=\"(max-width: 560px) 100vw, 560px\" \/><\/p>\n<p>&nbsp;<\/p>\n<p>\u00c1p d\u1ee5ng c\u00f4ng ngh\u1ec7 i<strong>n Offset<\/strong>, c\u00f4ng ngh\u1ec7 in ti\u00ean ti\u1ebfn nh\u1ea5t hi\u1ec7n n\u00e0y mang l\u1ea1i s\u1ea3n ph\u1ea9m c\u00f3 h\u00ecnh \u1ea3nh s\u1eafc n\u00e9t r\u00f5 r\u00e0ng, n\u1ed9i dung kh\u00f4ng b\u1ecb nh\u00f2e, n\u1ed9i dung r\u00f5 r\u00e0ng d\u1ec5 \u0111\u1ecdc. R\u1ea5t th\u00edch h\u1ee3p cho c\u00e1c m\u1eabu tem nh\u00e3n decal c\u00f3 s\u1ed1 l\u01b0\u1ee3ng l\u1edbn, in \u1ea5n l\u00e2u d\u00e0i nhi\u1ec1u \u0111\u1ee3t. Ho\u1eb7c v\u1edbi c\u00e1c m\u1eabu tem nh\u00e3n in v\u1edbi s\u1ed1 l\u01b0\u1ee3ng \u00edt th\u00ec c\u00f4ng ngh\u1ec7<strong>\u00a0in k\u1ef9 thu\u1eadt s\u1ed1<\/strong>\u00a0l\u00e0 l\u1ef1a ch\u1ecdn th\u00edch h\u1ee3p nh\u1ea5t, v\u1eeba in nhanh m\u00e0 ch\u1ea5t l\u01b0\u1ee3ng c\u0169ng r\u1ea5t \u0111\u1ea3m b\u1ea3o.<\/p>\n<p>\u0110\u1eb7c bi\u1ec7t v\u1edbi s\u1ed1 l\u01b0\u1ee3ng in l\u1edbn cho c\u00e1c c\u00f4ng ty x\u00ed nghi\u1ec7p s\u1ea3n xu\u1ea5t c\u00f4ng nghi\u1ec7p th\u00ec c\u00f4ng ngh\u1ec7\u00a0<strong>in Flexo<\/strong>\u00a0(in cu\u1ed9n) \u00e1p d\u1ee5ng cho c\u00e1c m\u00e1y d\u00e1n nh\u00e3n t\u1ef1 \u0111\u1ed9ng. V\u1edbi c\u00f4ng ngh\u1ec7 n\u00e0y m\u1ef1c in s\u1ebd \u0111\u01b0\u1ee3c l\u1ef1a ch\u1ecdn m\u1ef1c \u0111\u1eb7c bi\u1ec7t c\u00f3 kh\u1ea3 n\u0103ng kh\u00f4ng bay m\u00e0u c\u00f3 th\u1ec3 ch\u1ecbu \u1edf nhi\u1ec1u m\u1ee9c nhi\u1ec7t \u0111\u1ed9 kh\u00e1c nhau nh\u01b0 \u1edf ngo\u00e0i tr\u1eddi.<\/p>\n<p>Sau c\u00f4ng \u0111o\u1ea1n in l\u00e0 qu\u00e1 tr\u00ecnh gia c\u00f4ng, c\u00e1n m\u00e0ng gi\u00fap ch\u1ed1ng tr\u1ecdi \u0111\u01b0\u1ee3c c\u00e1c y\u1ebfu t\u1ed1 c\u1ee7a th\u1eddi thi\u1ebft. Ti\u1ebfp theo \u0111\u00f3 l\u00e0 qu\u00e1 tr\u00ecnh c\u1eaft x\u00e9n th\u00e0nh ph\u1ea9m theo nhi\u1ec1u h\u00ecnh d\u1ea1ng kh\u00e1c nhau theo thi\u1ebft k\u1ebf: tr\u00f2n, vu\u00f4ng, bo g\u00f3c hay oval.. Ki\u1ec3m tra s\u1ea3n ph\u1ea9m v\u00e0 giao h\u00e0ng mi\u1ec5n ph\u00ed t\u1eadn n\u01a1i tr\u00ean \u0111\u1ecba b\u00e0n<strong>\u00a0H\u00e0 N\u1ed9i<\/strong><\/p>\n<p>\u0110\u00e1p \u1ee9ng nhu c\u1ea7u in \u1ea5n ch\u1ea5t l\u01b0\u1ee3ng v\u00e0 gi\u00e1 th\u00e0nh ph\u1ea3i ch\u0103ng \u0111\u00f3 l\u00e0 nh\u1eefng ti\u00eau ch\u00ed ho\u1ea1t \u0111\u1ed9ng c\u1ee7a c\u00f4ng ty\u00a0ch\u00fang t\u00f4i.<\/p>\n<\/div>\n<p style=\"text-align: center;\"><span style=\"color: #0000ff;\"><em><strong><span class=\"text_exposed_show\">\u00a0<\/span><\/strong><\/em><\/span><strong>\u00a0<span style=\"color: #ff6600;\">H\u00c3Y G\u1eccI NGAY CHO CH\u00daNG T\u00d4I<\/span><\/strong><\/p>\n<p style=\"text-align: center;\"><span style=\"font-size: 18pt; color: #ff0000;\"><strong>Gi\u00e1 T\u1ed1t \u2013\u00a0T\u01b0 V\u1ea5n Mi\u1ec5n Ph\u00ed\u00a0&#8211; Hotline: 0971 979 596<\/strong><\/span><\/p>\n<p>&nbsp;<\/p>\n<h3 class=\"widget-title\" style=\"text-align: center;\"><span style=\"color: #0000ff;\">C\u00d4NG TY CP \u0110\u1ea6U T\u01af X\u00c2Y D\u1ef0NG V\u00c0 TH\u01af\u01a0NG M\u1ea0I \u0110\u1ee8C KH\u00c1NH<\/span><\/h3>\n<div class=\"textwidget\">\n<p style=\"text-align: center;\"><span style=\"color: #008000;\">\u0110C: T\u1ea7ng 5, khu v\u0103n ph\u00f2ng T\u00f2a A, t\u00f2a nh\u00e0 Imperia Garden, s\u1ed1 203 Nguy\u1ec5n Huy T\u01b0\u1edfng, Thanh Xu\u00e2n,H\u00e0 N\u1ed9i<\/span><\/p>\n<p style=\"text-align: center;\"><span style=\"color: #008000;\">X\u01b0\u1edfng SX: 640 Tr\u1ea7n Q\u00fay C\u00e1p, \u0110\u1ed1ng \u0110a, H\u00e0 N\u1ed9i<\/span><\/p>\n<p style=\"text-align: center;\"><span style=\"color: #008000;\">Email: xuonginduckhanh@gmail.com<\/span><\/p>\n<\/div>\n","protected":false},"excerpt":{"rendered":"<p>IN DECAL In H\u1ea1o Nam l\u00e0 \u0111\u01a1n v\u1ecb nh\u1eadn\u00a0in decal, in tem nh\u00e3n uy t\u00edn gi\u00e1 r\u1ebb t\u1ea1i H\u00e0 N\u1ed9i, &hellip; <a class=\"link-more\" href=\"https:\/\/c373-induckhanh.com-vn.net\/?product=in-decal-01\" class=\"more-link\">\u0110\u1ecdc th\u00eam &raquo;<span class=\"screen-reader-text\"> &#8220;In decal 01&#8221;<\/span><\/a><\/p>\n","protected":false},"featured_media":510,"comment_status":"open","ping_status":"closed","template":"","meta":[],"_links":{"self":[{"href":"https:\/\/c373-induckhanh.com-vn.net\/index.php?rest_route=\/wp\/v2\/product\/503"}],"collection":[{"href":"https:\/\/c373-induckhanh.com-vn.net\/index.php?rest_route=\/wp\/v2\/product"}],"about":[{"href":"https:\/\/c373-induckhanh.com-vn.net\/index.php?rest_route=\/wp\/v2\/types\/product"}],"replies":[{"embeddable":true,"href":"https:\/\/c373-induckhanh.com-vn.net\/index.php?rest_route=%2Fwp%2Fv2%2Fcomments&post=503"}],"wp:featuredmedia":[{"embeddable":true,"href":"https:\/\/c373-induckhanh.com-vn.net\/index.php?rest_route=\/wp\/v2\/media\/510"}],"wp:attachment":[{"href":"https:\/\/c373-induckhanh.com-vn.net\/index.php?rest_route=%2Fwp%2Fv2%2Fmedia&parent=503"}],"curies":[{"name":"wp","href":"https:\/\/api.w.org\/{rel}","templated":true}]}}