{"id":463,"date":"2018-03-09T10:05:06","date_gmt":"2018-03-09T03:05:06","guid":{"rendered":"http:\/\/induckhanh.com\/?post_type=product&#038;p=463"},"modified":"2018-03-09T14:43:17","modified_gmt":"2018-03-09T07:43:17","slug":"in-menu-01","status":"publish","type":"product","link":"https:\/\/c373-induckhanh.com-vn.net\/?product=in-menu-01","title":{"rendered":"In Menu 01"},"content":{"rendered":"<h1 class=\"tlt_newsdt\">IN MENU<\/h1>\n<div class=\"content_newsdt\">\n<p><strong>In Menu th\u1ef1c \u0111\u01a1n\u00a0nh\u00e0 h\u00e0ng t\u1ea1i H\u00e0 N\u1ed9i, in nhanh l\u1ea5y lu\u00f4n, thi\u1ebft k\u1ebf theo y\u00eau c\u1ea7u c\u1ee7a kh\u00e1ch h\u00e0ng<\/strong><\/p>\n<p>\u0110\u1ed1i v\u1edbi m\u1ed7i nh\u00e0 h\u00e0ng, qu\u00e1n c\u00e0 ph\u00ea, qu\u00e1n \u0103n hay nh\u1eefng c\u1eeda ch\u00e8, n\u01b0\u1edbc u\u1ed1ng \u0111\u1ec1u c\u00f3 nh\u1eefng m\u00f3n \u0103n \u0111\u1eb7c tr\u01b0ng ri\u00eang bi\u1ec7t, th\u1ec3 hi\u1ec7n phong c\u00e1ch c\u1ee7a qu\u00e1n. Nh\u01b0 nh\u1eefng qu\u00e1n mang phong c\u00e1ch ph\u01b0\u01a1ng t\u00e2y hay v\u1edbi phong c\u00e1ch d\u00e2n gian Vi\u1ec7t Nam. Ngo\u00e0i thi\u1ebft k\u1ebf s\u1eed d\u1ee5ng c\u0169ng nh\u01b0 thi\u1ebft k\u1ebf n\u1ed9i th\u1ea5t th\u00ec vi\u1ec7c\u00a0<strong>thi\u1ebft k\u1ebf in menu nh\u00e0 h\u00e0ng<\/strong>, th\u1ef1c \u0111\u01a1n c\u0169ng l\u00e0 m\u1ed9t trong nh\u1eefng vi\u1ec7c l\u00e0m r\u1ea5t c\u1ea7n thi\u1ebft.<\/p>\n<p><strong>Menu l\u00e0 g\u00ec<\/strong>: Menu hay c\u00f2n g\u1ecdi l\u00e0 s\u1ed5 th\u1ef1c \u0111\u01a1n, li\u1ec7t k\u00ea danh s\u00e1ch c\u00e1c m\u00f3m \u0103n, \u0111\u1ed3 u\u1ed1ng c\u0169ng nh\u01b0 h\u00ecnh \u1ea3nh gi\u00e1 ti\u1ec1n th\u00f4ng tin li\u00ean quan kh\u00e1c. T\u1eeb \u0111\u00f3 kh\u00e1ch h\u00e0ng c\u00f3 th\u1ec3 d\u1ec5 r\u00e0ng l\u1ef1a ch\u1ecdn nh\u1eefng m\u00f3n \u0103n th\u00edch h\u1ee3p. Ch\u00ednh v\u00ec v\u1eady b\u1ea5t k\u00ec nh\u00e0 h\u00e0ng n\u00e0o c\u0169ng c\u1ea7n ph\u1ea3i trang b\u1ecb chi m\u00ecnh c\u00e1c cu\u1ed1n menu (th\u1ef1c \u0111\u01a1n).<\/p>\n<p><img loading=\"lazy\" class=\"aligncenter size-full wp-image-488\" src=\"http:\/\/induckhanh.com\/wp-content\/uploads\/2018\/03\/3.jpg\" alt=\"\" width=\"600\" height=\"434\" srcset=\"https:\/\/c373-induckhanh.com-vn.net\/wp-content\/uploads\/2018\/03\/3.jpg 600w, https:\/\/c373-induckhanh.com-vn.net\/wp-content\/uploads\/2018\/03\/3-300x217.jpg 300w\" sizes=\"(max-width: 600px) 100vw, 600px\" \/><\/p>\n<p>&nbsp;<\/p>\n<h3>L\u1ef1a ch\u1ecdn ch\u1ea5t li\u1ec7u v\u00e0 ph\u01b0\u01a1ng ph\u00e1p in \u1ea5n menu<\/h3>\n<p>+Gi\u1ea5y: Gi\u1ea5y C250, 350.. Gi\u1ea5y Ivory, gi\u1ea5y b\u1ed3i&#8230; Nguy\u00ean li\u1ec7u gi\u1ea5y in l\u00e0 m\u1ed9t ph\u1ea7n quan tr\u1ecdng gi\u00fap kh\u1eb3ng \u0111\u1ecbnh \u0111\u1eb3ng c\u1ea5p c\u1ee7a b\u1ea1n, b\u00ean c\u1ea1nh \u0111\u00f3 n\u00f3 c\u00f2n gi\u00fap h\u00ecnh \u1ea3nh in ra s\u1eafc n\u00e9t h\u01a1n v\u00e0 \u0111\u1ed9 b\u1ec1n c\u1ee7a s\u1ea3n ph\u1ea9m c\u0169ng cao h\u01a1n.<\/p>\n<p>+C\u00f4ng ngh\u1ec7 in: \u0111\u1ed1i v\u1edbi c\u00e1c s\u1ea3n ph\u1ea9m nh\u01b0 in menu th\u1ef1c \u0111\u01a1n nh\u00e0 h\u00e0ng, in t\u1edd r\u01a1i qu\u1ea3ng c\u00e1o, in danh thi\u1ebfp, voucher th\u00ec nh\u00e0\u00a0<strong>In\u00a0H\u1ea1o Nam<\/strong>\u00a0ch\u00fang t\u00f4i khuy\u00ean b\u1ea1n n\u00ean l\u1ef1a ch\u1ecdn c\u00f4ng ngh\u1ec7 in k\u1ef9 thu\u1eadt s\u1ed1 thay cho<strong>in Offset<\/strong>. V\u1eeba gi\u00fap s\u1ea3n ph\u1ea9m in ra s\u1eafc n\u00e9t, m\u00e0 gi\u00e1 th\u00e0nh l\u1ea1i h\u1ee3p l\u00fd v\u1edbi t\u00fai ti\u1ec1n c\u1ee7a b\u1ea1n.<\/p>\n<p>+Gia c\u00f4ng: C\u00e1n m\u1edd, c\u00e1n b\u00f3ng, b\u1ebf g\u00e2n, b\u1ecdc da &#8230; t\u00f9y theo nhu c\u1ea7u c\u1ee7a kh\u00e1c h\u00e0ng<\/p>\n<h3>Nh\u1eefng ti\u00eau ch\u00ed \u0111\u1ec3 in menu nh\u00e0 h\u00e0ng \u1ea5n t\u01b0\u1ee3ng nh\u1ea5t<\/h3>\n<p>+S\u1ef1 thu h\u00fat \u0111\u1ed1i v\u1edbi kh\u00e1ch h\u00e0ng: Thi\u1ebft k\u1ebf b\u1ed1 c\u1ee5c h\u00ecnh \u1ea3nh th\u00f4ng tin v\u1ec1 \u0111\u1ed3 \u0103n \u0111\u1ed3 u\u1ed1ng sao cho h\u1ee3p l\u00fd b\u1eaft m\u1eaft, th\u1ee9 t\u1ef1 c\u00e1c m\u00f3n ch\u00ednh m\u00f3n ph\u1ee5. S\u1eafp x\u1ebfp m\u1ed9t c\u00e1ch h\u00e0i h\u00f2a h\u1ee3p l\u00fd, sao cho khi in menu kh\u00f4ng b\u1ecb v\u1ee1 b\u1ed1 c\u1ee5c h\u00ecnh \u1ea3nh. Vi\u1ec7c ch\u1ee5p \u1ea3nh th\u1ef1c t\u1ebf s\u1ea3n ph\u1ea9m l\u00e0 m\u1ed9t c\u00e1ch nh\u1eadn \u0111\u01b0\u1ee3c s\u1ef1 \u0111\u00e1nh gi\u00e1 cao nh\u1ea5t kh\u00e1ch h\u00e0ng.<\/p>\n<p><img loading=\"lazy\" class=\"aligncenter size-full wp-image-489\" src=\"http:\/\/induckhanh.com\/wp-content\/uploads\/2018\/03\/4-1.jpg\" alt=\"\" width=\"550\" height=\"367\" srcset=\"https:\/\/c373-induckhanh.com-vn.net\/wp-content\/uploads\/2018\/03\/4-1.jpg 550w, https:\/\/c373-induckhanh.com-vn.net\/wp-content\/uploads\/2018\/03\/4-1-300x200.jpg 300w\" sizes=\"(max-width: 550px) 100vw, 550px\" \/><\/p>\n<p>&nbsp;<\/p>\n<p>+Mang h\u00ecnh \u1ea3nh th\u01b0\u01a1ng hi\u1ec7u: C\u00e1c th\u00f4ng tin v\u1ec1 nh\u00e0 h\u00e0ng nh\u01b0 Logo, kh\u1ea9u hi\u1ec7u, th\u00f4ng tin li\u00ean h\u1ec7 kh\u00e1c c\u1ea7n l\u00e0m n\u1ed5i b\u1eadt cho kh\u00e1ch h\u00e0ng, t\u1ea1o s\u1ef1 g\u1ee3i nh\u1eafc th\u01b0\u01a1ng hi\u1ec7u \u0111\u1ed1i v\u1edbi m\u1ed7i th\u1ef1c kh\u00e1c. B\u00ean c\u1ea1nh \u0111\u00f3 thi\u1ebft k\u1ebf menu chuy\u00ean nghi\u1ec7p c\u1ea7n ph\u1ea3i mang trong \u0111\u00f3 phong c\u00e1ch, n\u00e9t ri\u00eang bi\u1ec7t c\u1ee7a c\u1eeda h\u00e0ng.<\/p>\n<p>+B\u1ed1 c\u1ee5c, danh s\u00e1ch m\u00f3n \u0103n h\u1ee3p l\u00fd: X\u1ebfp lo\u1ea1i c\u00e1c m\u00f3n \u0103n c\u00f9ng lo\u1ea1i th\u00e0nh m\u1ed9t nh\u00f3m theo th\u1ee9 t\u1ef1 t\u1eeb khai v\u1ecb \u0111\u1ebfn m\u00f3n ch\u00ednh, tr\u00e1ng mi\u1ec7ng, tr\u00e1ng mi\u1ec7ng v\u00e0 \u0111\u1ed3 u\u1ed1ng hay theo ph\u00e2n lo\u1ea1i: m\u00f3n l\u1ea9u, n\u01b0\u1edbng, h\u1ea5p &#8230;<\/p>\n<p>Ngo\u00e0i ra\u00a0<strong>In \u0110\u1ee9c Kh\u00e1nh<\/strong>\u00a0c\u00f2n nh\u1eadn in c\u00e1c s\u1ea3n ph\u1ea9m t\u01b0\u01a1ng t\u1ef1 cho nh\u00e0 h\u00e0ng c\u1ee7a b\u1ea1n nh\u01b0: card visit,<strong>\u00a0in t\u1edd r\u01a1i t\u1edd g\u1ea5p<\/strong>, voucher phi\u1ebfu gi\u1ea3m gi\u00e1, thi\u1ebft k\u1ebf bi\u1ec3n b\u1ea1t &#8230;<\/p>\n<\/div>\n<p style=\"text-align: center;\"><span style=\"color: #0000ff;\"><em><strong><span class=\"text_exposed_show\">\u00a0<\/span><\/strong><\/em><\/span><strong>\u00a0<span style=\"color: #ff6600;\">H\u00c3Y G\u1eccI NGAY CHO CH\u00daNG T\u00d4I<\/span><\/strong><\/p>\n<p style=\"text-align: center;\"><span style=\"font-size: 18pt; color: #ff0000;\"><strong>Gi\u00e1 T\u1ed1t \u2013\u00a0T\u01b0 V\u1ea5n Mi\u1ec5n Ph\u00ed\u00a0&#8211; Hotline: 0971 979 596<\/strong><\/span><\/p>\n<p>&nbsp;<\/p>\n<h3 class=\"widget-title\" style=\"text-align: center;\"><span style=\"color: #0000ff;\">C\u00d4NG TY CP \u0110\u1ea6U T\u01af X\u00c2Y D\u1ef0NG V\u00c0 TH\u01af\u01a0NG M\u1ea0I \u0110\u1ee8C KH\u00c1NH<\/span><\/h3>\n<div class=\"textwidget\">\n<p style=\"text-align: center;\"><span style=\"color: #008000;\">\u0110C: T\u1ea7ng 5, khu v\u0103n ph\u00f2ng T\u00f2a A, t\u00f2a nh\u00e0 Imperia Garden, s\u1ed1 203 Nguy\u1ec5n Huy T\u01b0\u1edfng, Thanh Xu\u00e2n,H\u00e0 N\u1ed9i<\/span><\/p>\n<p style=\"text-align: center;\"><span style=\"color: #008000;\">X\u01b0\u1edfng SX: 640 Tr\u1ea7n Q\u00fay C\u00e1p, \u0110\u1ed1ng \u0110a, H\u00e0 N\u1ed9i<\/span><\/p>\n<p style=\"text-align: center;\"><span style=\"color: #008000;\">Email: xuonginduckhanh@gmail.com<\/span><\/p>\n<\/div>\n","protected":false},"excerpt":{"rendered":"<h1 class=\"text-center\" style=\"text-align: left;\"><span style=\"font-size: 14pt;\">In catalo \u0110\u1ee9c Kh\u00e1nh \u0111\u01b0\u1ee3c nhi\u1ec1u \u0111\u01a1n v\u1ecb l\u1ef1a ch\u1ecdn v\u1edbi nh\u1eefng \u0111i\u1ec3m t\u1ed1i \u01b0u:<\/span><\/h1>\n<ul style=\"list-style-type: square;\">\n<li><span style=\"font-size: 12pt;\">In \u1ea5n tr\u1ef1c ti\u1ebfp t\u1ea1i x\u01b0\u1edfng kh\u00f4ng qua trung gian<\/span><\/li>\n<li><span style=\"font-size: 12pt;\">In catalo l\u1ea5y ngay \u0111\u00e1p \u1ee9ng m\u1ecdi \u0111\u01a1n h\u00e0ng g\u1ea5p<\/span><\/li>\n<li><span style=\"font-size: 12pt;\">C\u00f4ng ngh\u1ec7 in \u1ea5n gia c\u00f4ng hi\u1ec7n \u0111\u1ea1i, 100% KH h\u00e0i l\u00f2ng<\/span><\/li>\n<li><span style=\"font-size: 12pt;\">\u01afu \u0111\u00e3i h\u1ee3p \u0111\u1ed3ng in catalo sign l\u1edbn<strong><span style=\"color: #ff0000;\">( tri\u1ebft kh\u1ea5u %)<\/span><\/strong><\/span><\/li>\n<\/ul>\n","protected":false},"featured_media":488,"comment_status":"open","ping_status":"closed","template":"","meta":[],"_links":{"self":[{"href":"https:\/\/c373-induckhanh.com-vn.net\/index.php?rest_route=\/wp\/v2\/product\/463"}],"collection":[{"href":"https:\/\/c373-induckhanh.com-vn.net\/index.php?rest_route=\/wp\/v2\/product"}],"about":[{"href":"https:\/\/c373-induckhanh.com-vn.net\/index.php?rest_route=\/wp\/v2\/types\/product"}],"replies":[{"embeddable":true,"href":"https:\/\/c373-induckhanh.com-vn.net\/index.php?rest_route=%2Fwp%2Fv2%2Fcomments&post=463"}],"wp:featuredmedia":[{"embeddable":true,"href":"https:\/\/c373-induckhanh.com-vn.net\/index.php?rest_route=\/wp\/v2\/media\/488"}],"wp:attachment":[{"href":"https:\/\/c373-induckhanh.com-vn.net\/index.php?rest_route=%2Fwp%2Fv2%2Fmedia&parent=463"}],"curies":[{"name":"wp","href":"https:\/\/api.w.org\/{rel}","templated":true}]}}