{"id":461,"date":"2018-03-09T10:05:03","date_gmt":"2018-03-09T03:05:03","guid":{"rendered":"http:\/\/induckhanh.com\/?post_type=product&#038;p=461"},"modified":"2018-03-09T14:41:27","modified_gmt":"2018-03-09T07:41:27","slug":"in-to-roi-01","status":"publish","type":"product","link":"https:\/\/c373-induckhanh.com-vn.net\/?product=in-to-roi-01","title":{"rendered":"In t\u1edd r\u01a1i 01"},"content":{"rendered":"<h1 class=\"tlt_newsdt\">IN T\u1edc R\u01a0I<\/h1>\n<div class=\"content_newsdt\">\n<p><strong>In t\u1edd r\u01a1i<\/strong>l\u00e0 m\u1ed9t ph\u1ea7n quan tr\u1ecdng trong chi\u1ebfn l\u01b0\u1ee3c ti\u1ebfp thi Marketing c\u1ee7a r\u1ea5t nhi\u1ec1u doanh nghi\u1ec7p, \u0111\u1eb7c bi\u1ec7t l\u00e0 c\u00e1c l\u0129nh v\u1ef1c: nh\u00e0 h\u00e0ng, qu\u00e1n \u0103n, \u0111i\u1ec7n t\u1eed, B\u0110S, l\u00e0m \u0111\u1eb9p.. Th\u00f4ng qua nh\u1eefng t\u1edd r\u01a1i nh\u1ecf b\u00e9 nh\u01b0ng ch\u1ee9a \u0111\u1ef1ng th\u00f4ng \u0111i\u1ec7p, l\u1eddi m\u1eddi g\u1ecdi v\u1ec1 s\u1ea3n ph\u1ea9m m\u1edbi c\u1ee7a b\u1ea1n hay nh\u1eefng ch\u01b0\u01a1ng tr\u00ecnh khuy\u1ebfn m\u00e3i.<\/p>\n<p>\u0110\u1ec3 n\u00f3 c\u00f3 th\u1ec3 \u0111\u00e9n tay ng\u01b0\u1eddi ti\u00eau d\u00f9ng, h\u1ecd ch\u1ea5p nh\u1eadn v\u00e0 l\u1ef1a ch\u1ecdn n\u00f3 th\u00ec vi\u1ec7c thi\u1ebft k\u1ebf in \u1ea5n chuy\u00ean nghi\u1ec7p tr\u00ean t\u1ea1i c\u00e1c nh\u00e0 in uy t\u00edn l\u00e0 \u0111i\u1ec1u m\u00e0 b\u1ea5t k\u00ec c\u00e1c doanh nghi\u1ec7p n\u00e0o c\u0169ng quan t\u00e2m.<\/p>\n<p>T\u1ea1i \u0111\u1ecba b\u00e0n qu\u1eadn\u00a0<strong>Thanh Xu\u00e2n, H\u00e0 N\u1ed9i<\/strong>; In H\u1ea1o Nam l\u00e0 \u0111\u01a1n v\u1ecb h\u00e0ng \u0111\u1ea7u trong l\u0129nh v\u1ef1c in \u1ea5n t\u1edd r\u01a1i, t\u1edd g\u1ea5p qu\u1ea3ng c\u00e1o. \u0110\u01b0\u1ee3c \u0111\u00e1nh gi\u00e1 l\u00e0 c\u01a1 s\u1edf in uy t\u00edn ch\u1ea5t l\u01b0\u1ee3ng \u0111\u1ea3m b\u1ea3o v\u00e0 h\u01a1n h\u1ebft l\u00e0 gi\u00e1 th\u00e0nh ph\u1ea3i ch\u0103ng, ch\u00fang t\u00f4i nh\u1eadn in \u1ea5n t\u1edd r\u01a1i cho r\u1ea5t nhi\u1ec1u c\u00e1c ch\u1ee7 nh\u00e0 h\u00e0ng, shop qu\u1ea7n \u00e1o v\u1edbi s\u1ed1 l\u01b0\u1ee3ng t\u1eeb v\u00e0i ngh\u00ecn \u0111\u1ebfn h\u00e0ng v\u1ea1n t\u1edd r\u01a1i, \u0111\u00e1p \u1ee9ng m\u1ecdi nhu c\u1ea7u in \u1ea5n c\u1ee7a kh\u00e1ch h\u00e0ng.<\/p>\n<\/div>\n<p>&nbsp;<\/p>\n<p><img loading=\"lazy\" class=\"aligncenter size-full wp-image-497\" src=\"http:\/\/induckhanh.com\/wp-content\/uploads\/2018\/03\/7-1.jpg\" alt=\"\" width=\"500\" height=\"354\" srcset=\"https:\/\/c373-induckhanh.com-vn.net\/wp-content\/uploads\/2018\/03\/7-1.jpg 500w, https:\/\/c373-induckhanh.com-vn.net\/wp-content\/uploads\/2018\/03\/7-1-300x212.jpg 300w\" sizes=\"(max-width: 500px) 100vw, 500px\" \/><\/p>\n<div class=\"content_newsdt\">\n<h3>T\u01b0 v\u1ea5n in t\u1edd r\u01a1i, t\u1edd g\u1ea5p gi\u00e1 r\u1ebb t\u1ea1i H\u00e0 N\u1ed9i<\/h3>\n<p>+\u0110\u1ea7u ti\u00ean b\u1ea1n c\u1ea7n quan t\u00e2m \u0111\u00f3 ch\u00ednh l\u00e0 k\u00edch th\u01b0\u1edbc, ki\u1ec3u d\u00e1ng c\u1ee7a n\u00f3, t\u00f9y theo nhu c\u1ea7u v\u00e0 s\u1ed1 l\u01b0\u1ee3ng th\u00f4ng tin m\u00e0 b\u1ea1n mu\u1ed1n mang l\u1ea1i cho kh\u00e1ch h\u00e0ng m\u00e0 c\u00f3 th\u1ec3 l\u1ef1a ch\u1ecdn c\u00e1c k\u00edch th\u01b0\u1edbc t\u1eeb A4, A5, A6, A3.. hay c\u00e1c k\u00edch th\u01b0\u1edbc ki\u1ec3u d\u00e1ng t\u1ef1 ch\u1ecdn, t\u1edd g\u1ea5p \u0111\u00f4i hay g\u1ea5p ba..<\/p>\n<p>+Ti\u1ebfp theo \u0111\u00f3 l\u00e0 thi\u1ebft k\u1ebf: vi\u1ec7c k\u1ebft h\u1ee3p qu\u00e1 tr\u00ecnh thi\u1ebft k\u1ebf v\u00e0 in t\u1ea1i\u00a0<strong>In H\u1ea1o Nam<\/strong>\u00a0gi\u00fap qu\u00fd kh\u00e1ch ti\u1ebft ki\u1ec7m t\u1ed1i \u0111a th\u1eddi gian c\u0169ng nh\u01b0 chi ph\u00ed in \u1ea5n t\u1edd r\u01a1i. \u0110\u1ed9i ng\u0169 nh\u1eefng nh\u00e0 thi\u1ebft k\u1ebf t\u00e0i n\u0103ng, gi\u00e0u kinh nghi\u1ec7m, tr\u1ea3i qua h\u00e0ng tr\u0103m d\u1ef1 \u00e1n thi\u1ebft k\u1ebf kh\u00e1c nhau, mang \u0111\u1ebfn cho qu\u00fd kh\u00e1ch m\u1eabu thi\u1ebft k\u1ebf \u01b0ng \u00fd nh\u1ea5t.<\/p>\n<p><img loading=\"lazy\" class=\"aligncenter size-full wp-image-498\" src=\"http:\/\/induckhanh.com\/wp-content\/uploads\/2018\/03\/8.png\" alt=\"\" width=\"609\" height=\"586\" srcset=\"https:\/\/c373-induckhanh.com-vn.net\/wp-content\/uploads\/2018\/03\/8.png 609w, https:\/\/c373-induckhanh.com-vn.net\/wp-content\/uploads\/2018\/03\/8-300x289.png 300w, https:\/\/c373-induckhanh.com-vn.net\/wp-content\/uploads\/2018\/03\/8-600x577.png 600w\" sizes=\"(max-width: 609px) 100vw, 609px\" \/><\/p>\n<p>&nbsp;<\/p>\n<p>+Ch\u1ea5t li\u1ec7u gi\u1ea5y, c\u00f4ng ngh\u1ec7 in: th\u00f4ng th\u01b0\u1eddng \u0111\u00f3 l\u00e0 c\u00e1c lo\u1ea1i gi\u1ea5y C100, C120.. hay v\u1edbi m\u1eabu gi\u1ea5y c\u1ee9ng C150 in tr\u00ean h\u1ec7 th\u1ed1ng d\u00e0n m\u00e1y in Offset c\u00f4ng nghi\u1ec7p 4 m\u00e0u hi\u1ec7n \u0111\u1ea1i. \u0110\u00e1p \u1ee9ng nhu c\u1ea7u in t\u1edd r\u01a1i s\u1ed1 l\u01b0\u1ee3ng l\u1edbn trong th\u1eddi gian in c\u1ef1c ng\u1eafn (3 &#8211; 5 ng\u00e0y)<\/p>\n<p>+Giao h\u00e0ng mi\u1ec5n ph\u00ed t\u1eadn n\u01a1i cho kh\u00e1ch h\u00e0ng t\u1ea1i H\u00e0 N\u1ed9i<\/p>\n<\/div>\n<p style=\"text-align: center;\"><span style=\"color: #0000ff;\"><em><strong><span class=\"text_exposed_show\">\u00a0<\/span><\/strong><\/em><\/span><strong>\u00a0<span style=\"color: #ff6600;\">H\u00c3Y G\u1eccI NGAY CHO CH\u00daNG T\u00d4I<\/span><\/strong><\/p>\n<p style=\"text-align: center;\"><span style=\"font-size: 18pt; color: #ff0000;\"><strong>Gi\u00e1 T\u1ed1t \u2013\u00a0T\u01b0 V\u1ea5n Mi\u1ec5n Ph\u00ed\u00a0&#8211; Hotline: 0971 979 596<\/strong><\/span><\/p>\n<p>&nbsp;<\/p>\n<h3 class=\"widget-title\" style=\"text-align: center;\"><span style=\"color: #0000ff;\">C\u00d4NG TY CP \u0110\u1ea6U T\u01af X\u00c2Y D\u1ef0NG V\u00c0 TH\u01af\u01a0NG M\u1ea0I \u0110\u1ee8C KH\u00c1NH<\/span><\/h3>\n<div class=\"textwidget\">\n<p style=\"text-align: center;\"><span style=\"color: #008000;\">\u0110C: T\u1ea7ng 5, khu v\u0103n ph\u00f2ng T\u00f2a A, t\u00f2a nh\u00e0 Imperia Garden, s\u1ed1 203 Nguy\u1ec5n Huy T\u01b0\u1edfng, Thanh Xu\u00e2n,H\u00e0 N\u1ed9i<\/span><\/p>\n<p style=\"text-align: center;\"><span style=\"color: #008000;\">X\u01b0\u1edfng SX: 640 Tr\u1ea7n Q\u00fay C\u00e1p, \u0110\u1ed1ng \u0110a, H\u00e0 N\u1ed9i<\/span><\/p>\n<p style=\"text-align: center;\"><span style=\"color: #008000;\">Email: xuonginduckhanh@gmail.com<\/span><\/p>\n<\/div>\n","protected":false},"excerpt":{"rendered":"<h1 class=\"text-center\" style=\"text-align: left;\"><span style=\"font-size: 14pt;\">In catalo \u0110\u1ee9c Kh\u00e1nh \u0111\u01b0\u1ee3c nhi\u1ec1u \u0111\u01a1n v\u1ecb l\u1ef1a ch\u1ecdn v\u1edbi nh\u1eefng \u0111i\u1ec3m t\u1ed1i \u01b0u:<\/span><\/h1>\n<ul style=\"list-style-type: square;\">\n<li><span style=\"font-size: 12pt;\">In \u1ea5n tr\u1ef1c ti\u1ebfp t\u1ea1i x\u01b0\u1edfng kh\u00f4ng qua trung gian<\/span><\/li>\n<li><span style=\"font-size: 12pt;\">In catalo l\u1ea5y ngay \u0111\u00e1p \u1ee9ng m\u1ecdi \u0111\u01a1n h\u00e0ng g\u1ea5p<\/span><\/li>\n<li><span style=\"font-size: 12pt;\">C\u00f4ng ngh\u1ec7 in \u1ea5n gia c\u00f4ng hi\u1ec7n \u0111\u1ea1i, 100% KH h\u00e0i l\u00f2ng<\/span><\/li>\n<li><span style=\"font-size: 12pt;\">\u01afu \u0111\u00e3i h\u1ee3p \u0111\u1ed3ng in catalo sign l\u1edbn<strong><span style=\"color: #ff0000;\">( tri\u1ebft kh\u1ea5u %)<\/span><\/strong><\/span><\/li>\n<\/ul>\n","protected":false},"featured_media":498,"comment_status":"open","ping_status":"closed","template":"","meta":[],"_links":{"self":[{"href":"https:\/\/c373-induckhanh.com-vn.net\/index.php?rest_route=\/wp\/v2\/product\/461"}],"collection":[{"href":"https:\/\/c373-induckhanh.com-vn.net\/index.php?rest_route=\/wp\/v2\/product"}],"about":[{"href":"https:\/\/c373-induckhanh.com-vn.net\/index.php?rest_route=\/wp\/v2\/types\/product"}],"replies":[{"embeddable":true,"href":"https:\/\/c373-induckhanh.com-vn.net\/index.php?rest_route=%2Fwp%2Fv2%2Fcomments&post=461"}],"wp:featuredmedia":[{"embeddable":true,"href":"https:\/\/c373-induckhanh.com-vn.net\/index.php?rest_route=\/wp\/v2\/media\/498"}],"wp:attachment":[{"href":"https:\/\/c373-induckhanh.com-vn.net\/index.php?rest_route=%2Fwp%2Fv2%2Fmedia&parent=461"}],"curies":[{"name":"wp","href":"https:\/\/api.w.org\/{rel}","templated":true}]}}