{"id":459,"date":"2018-03-09T10:05:00","date_gmt":"2018-03-09T03:05:00","guid":{"rendered":"http:\/\/induckhanh.com\/?post_type=product&#038;p=459"},"modified":"2018-03-09T14:40:58","modified_gmt":"2018-03-09T07:40:58","slug":"in-catalogue-01","status":"publish","type":"product","link":"https:\/\/c373-induckhanh.com-vn.net\/?product=in-catalogue-01","title":{"rendered":"\u00a0In Catalogue 01"},"content":{"rendered":"<h1 class=\"tlt_newsdt\">IN CATALOGUE<\/h1>\n<div class=\"content_newsdt\">\n<p>Nh\u1eadn<strong>\u00a0in Catalogue gi\u00e1 r\u1ebb<\/strong>, thi\u1ebft k\u1ebf catalogue chuy\u00ean nghi\u1ec7p t\u1ea1i H\u00e0 N\u1ed9i, cam k\u1ebft mang \u0111\u1ebfn cho b\u1ea1n nh\u1eefng cu\u1ed1n catalogue thu h\u00fat, \u1ea5n t\u01b0\u1ee3ng nh\u1ea5t<\/p>\n<p>Catalogue l\u00e0 m\u1ed9t \u1ea5n ph\u1ea9m \u0111\u1ec3 qu\u1ea3ng c\u00e1o cho s\u1ea3n ph\u1ea9m ho\u1eb7c d\u1ecbch v\u1ee5 c\u1ee7a doanh nghi\u1ec7p.\u00a0<strong>Catalogue<\/strong>\u00a0l\u00e0 m\u1ed9t t\u1eadp h\u00ecnh \u1ea3nh, ch\u1ee9a \u0111\u1ef1ng m\u00e0u s\u1eafc \u0111\u1ed9c \u0111\u00e1o n\u00eau b\u1eadt l\u00ean \u0111i\u1ec3m m\u1ea1nh c\u1ee7a doanh nghi\u1ec7p, t\u1eeb \u0111\u00f3 h\u00ecnh \u1ea3nh v\u00e0 th\u01b0\u01a1ng hi\u1ec7u c\u1ee7a doanh nghi\u1ec7p s\u1ebd \u0111\u01b0\u1ee3c kh\u00e1ch h\u00e0ng v\u00e0 \u0111\u1ed1i t\u00e1c ch\u00fa \u00fd. \u0110\u1ec3 c\u00f3 \u0111\u01b0\u1ee3c m\u1ed9t \u1ea5n ph\u1ea9m catalogue v\u1edbi \u0111\u1ea7y \u0111\u1ee7 \u00fd ngh\u0129a mang l\u1ea1i, doanh ngi\u1ec7p c\u1ea7n l\u00ean \u00fd t\u01b0\u1edfng, thi\u1ebft k\u1ebf catalogue th\u1ec3 hi\u1ec7n \u0111\u01b0\u1ee3c s\u1ef1 chuy\u00ean nghi\u1ec7p. \u0110\u1ec3 l\u00e0m \u0111\u01b0\u1ee3c \u0111i\u1ec1u n\u00e0y, doanh nghi\u1ec7p c\u1ea7n ch\u00e2n cho m\u00ecnh m\u1ed9t nh\u00e0 cung c\u1ea5p d\u1ecbch v\u1ee5 in \u1ea5n catalogue uy t\u00edn, ch\u1ea5t l\u01b0\u1ee3ng.<\/p>\n<\/div>\n<p>&nbsp;<\/p>\n<p><img loading=\"lazy\" class=\"aligncenter size-full wp-image-501\" src=\"http:\/\/induckhanh.com\/wp-content\/uploads\/2018\/03\/10-1.jpg\" alt=\"\" width=\"750\" height=\"425\" srcset=\"https:\/\/c373-induckhanh.com-vn.net\/wp-content\/uploads\/2018\/03\/10-1.jpg 750w, https:\/\/c373-induckhanh.com-vn.net\/wp-content\/uploads\/2018\/03\/10-1-300x170.jpg 300w, https:\/\/c373-induckhanh.com-vn.net\/wp-content\/uploads\/2018\/03\/10-1-600x340.jpg 600w\" sizes=\"(max-width: 750px) 100vw, 750px\" \/><\/p>\n<div class=\"content_newsdt\">\n<p>T\u01b0 v\u1ea5n in catalogue cho doanh nghi\u1ec7p: ch\u1ea5t li\u1ec7u b\u00eca\u00a0gi\u1ea5y\u00a0<strong>C250<\/strong>\u00a0ho\u1eb7c cao h\u01a1n, ph\u1ea7n n\u1ed9i dung t\u1eeb 100gsm t\u1edbi 200gsm. In tr\u00ean m\u00e1y in Offset 4 m\u00e0u\u00a0ch\u1ea5t l\u01b0\u1ee3ng cao. Gia c\u00f4ng th\u00e0nh ph\u1ea9m theo y\u00eau c\u1ea7u c\u1ee7a kh\u00e1ch h\u00e0ng<\/p>\n<h3>Nguy\u00ean t\u1eafc khi thi\u1ebft k\u1ebf in catalogue<\/h3>\n<p>+D\u1ec5 hi\u1ec3u, d\u1ec5 \u0111\u1ecdc: \u0110\u1ec3 truy\u1ec1n t\u1ea3i nh\u1eefng th\u00f4ng \u0111i\u1ec7p c\u1ee7a doanh nghi\u1ec7p \u0111\u1ebfn v\u1edbi kh\u00e1ch h\u00e0ng v\u00e0 \u0111\u1ed1i t\u00e1c, ng\u01b0\u1eddi thi\u1ebft k\u1ebf catalogue c\u1ea7n l\u1ef1a ch\u1ecdn m\u1eabu d\u1ec5 nh\u00ecn, b\u1eaft m\u1eaft v\u00e0 \u1ea5n t\u01b0\u1ee3ng, n\u1ed9i dung r\u00f5 r\u00e0ng. \u0110i\u1ec1u n\u00e0y gi\u00fap kh\u00e1ch h\u00e0ng hay \u0111\u1ed1i t\u00e1c c\u00f3 th\u1ec3 d\u1ec5 d\u00e0ng ti\u1ebfp nh\u1eadn th\u00f4ng \u0111i\u1ec7p, \u0111\u1ed3ng th\u1eddi th\u1ec3 hi\u1ec7n s\u1ef1 chuy\u00ean nghi\u1ec7p trong qu\u00e1 tr\u00ecnh l\u00e0m vi\u1ec7c c\u1ee7a doanh nghi\u1ec7p.<\/p>\n<p>+G\u1ee3i c\u1ea3m x\u00fac n\u01a1i ng\u01b0\u1eddi \u0111\u1ecdc: C\u00f3 m\u1ed9t nguy\u00ean t\u1eafc m\u00e0 doanh nghi\u1ec7p c\u1ea7n nh\u1edb \u0111\u00f3 l\u00e0: c\u1ea3m x\u00fac gi\u00fap l\u01b0u gi\u1eef k\u00ed \u1ee9c. Khi xem m\u1ed9t b\u1ed9 phim hay ho\u1eb7c m\u1ed9t c\u00e2u ng\u1ea1n ng\u1eef t\u00e2m \u0111\u1eafc, con ng\u01b0\u1eddi ta th\u00edch th\u00fa s\u1ebd c\u00f3 xu h\u01b0\u1edbng l\u01b0u gi\u1eef l\u1ea1i trong b\u1ed9 nh\u1edb, d\u1ef1a v\u00e0o \u0111i\u1ec1u n\u00e0y c\u00e1c nh\u00e0 thi\u1ebft k\u1ebf catalogue c\u00f3 th\u1ec3 bi\u1ebft c\u00e1ch ch\u1ecdn m\u1eabu ph\u00f9 h\u1ee3p v\u1edbi d\u1ecbch v\u1ee5 ho\u1eb7c s\u1ea3n ph\u1ea9m c\u1ee7a m\u00ecnh nh\u1eb1m g\u00e2y \u1ea5n t\u01b0\u1ee3ng v\u1edbi ng\u01b0\u1eddi \u0111\u1ecdc.<\/p>\n<p>+\u0110\u01a1n gi\u1ea3n, ng\u1eafn g\u1ecdn, h\u00ecnh \u1ea3nh s\u00e1ng t\u1ea1o: M\u1ed9t \u1ea5n ph\u1ea9m catalogue d\u00e0i d\u00f2ng, qu\u00e1 nhi\u1ec1u h\u00ecnh \u1ea3nh v\u00e0 \u00edt \u00fd ngh\u0129a s\u1ebd khi\u1ebfn ng\u01b0\u1eddi \u0111\u1ecdc kh\u00f3 ch\u1ecbu. Khi thi\u1ebft k\u1ebf, doanh nghi\u1ec7p n\u00ean tham kh\u1ea3o nh\u1eefng t\u01b0 v\u1ea5n v\u00e0 g\u00f3p \u00fd c\u1ee7a nh\u00e0 cung c\u1ea5p d\u1ecbch v\u1ee5, h\u1ecd s\u1ebd \u0111\u01b0a ra nh\u1eefng l\u1eddi khuy\u00ean c\u00f3 \u00edch cho doanh nghi\u1ec7p.<\/p>\n<\/div>\n<p>&nbsp;<\/p>\n<p><img loading=\"lazy\" class=\"aligncenter size-full wp-image-502\" src=\"http:\/\/induckhanh.com\/wp-content\/uploads\/2018\/03\/11-1.jpg\" alt=\"\" width=\"700\" height=\"490\" srcset=\"https:\/\/c373-induckhanh.com-vn.net\/wp-content\/uploads\/2018\/03\/11-1.jpg 700w, https:\/\/c373-induckhanh.com-vn.net\/wp-content\/uploads\/2018\/03\/11-1-300x210.jpg 300w, https:\/\/c373-induckhanh.com-vn.net\/wp-content\/uploads\/2018\/03\/11-1-600x420.jpg 600w\" sizes=\"(max-width: 700px) 100vw, 700px\" \/><\/p>\n<div class=\"content_newsdt\">\n<h3>In \u1ea5n H\u1ea1o Nam \u2013 nh\u00e0 cung c\u1ea5p d\u1ecbch v\u1ee5 thi\u1ebft k\u1ebf catalogue t\u1ea1i H\u00e0 N\u1ed9i<\/h3>\n<p>Doanh ngi\u1ec7p \u0111ang t\u00ecm ki\u1ebfm m\u1ed9t nh\u00e0 cung c\u1ea5p d\u1ecbch v\u1ee5 in \u1ea5n, thi\u1ebft k\u1ebf catalogue chuy\u00ean nghi\u1ec7p t\u1ea1i H\u00e0 N\u1ed9i,\u00a0V\u1edbi \u0111\u1ed9i ng\u0169 nh\u00e2n vi\u00ean chuy\u00ean nghi\u1ec7p, s\u1eb5n s\u00e0ng \u0111\u01b0a ra nh\u1eefng l\u1eddi khuy\u00ean, t\u01b0 v\u1ea5n cho doanh nghi\u1ec7p, b\u1ea1n ch\u1ec9 c\u1ea7n \u0111\u01b0a ra y\u00eau c\u1ea7u, ch\u00fang t\u00f4i s\u1ebd l\u00e0 ng\u01b0\u1eddi th\u1ef1c hi\u1ec7n.<\/p>\n<p>Giao h\u00e0ng \u0111\u00fang h\u1ea1n, t\u00f9y theo y\u00eau c\u1ea7u c\u1ee7a kh\u00e1ch h\u00e0ng, ch\u00fang t\u00f4i s\u1ebd chuy\u1ec3n h\u00e0ng trong th\u1eddi h\u1ea1n t\u1eeb 3 \u0111\u1ebfn 7 ng\u00e0y.<\/p>\n<p>C\u00f3 nhi\u1ec1u ch\u00ednh s\u00e1ch \u01b0u \u0111\u00e3i v\u1ec1 gi\u00e1, nh\u1eadn in \u1ea5n,<strong>\u00a0thi\u1ebft k\u1ebf catalogue v\u1edbi s\u1ed1 l\u01b0\u1ee3ng \u00edt<\/strong>.<\/p>\n<p><strong>In \u0110\u1ee9c Kh\u00e1nh<\/strong>\u00a0\u2013 nh\u00e0 cung c\u1ea5p d\u1ecbch v\u1ee5 in \u1ea5n ch\u1ea5t l\u01b0\u1ee3ng nh\u1ea5t, uy t\u00edn nh\u1ea5t v\u1edbi gi\u00e1 c\u1ea3 h\u1ee3p l\u00ed nh\u1ea5t t\u1ea1i H\u00e0 N\u1ed9i.<\/p>\n<\/div>\n<p style=\"text-align: center;\"><span style=\"color: #0000ff;\"><em><strong><span class=\"text_exposed_show\">\u00a0<\/span><\/strong><\/em><\/span><strong>\u00a0<span style=\"color: #ff6600;\">H\u00c3Y G\u1eccI NGAY CHO CH\u00daNG T\u00d4I<\/span><\/strong><\/p>\n<p style=\"text-align: center;\"><span style=\"font-size: 18pt; color: #ff0000;\"><strong>Gi\u00e1 T\u1ed1t \u2013\u00a0T\u01b0 V\u1ea5n Mi\u1ec5n Ph\u00ed\u00a0&#8211; Hotline: 0971 979 596<\/strong><\/span><\/p>\n<p>&nbsp;<\/p>\n<h3 class=\"widget-title\" style=\"text-align: center;\"><span style=\"color: #0000ff;\">C\u00d4NG TY CP \u0110\u1ea6U T\u01af X\u00c2Y D\u1ef0NG V\u00c0 TH\u01af\u01a0NG M\u1ea0I \u0110\u1ee8C KH\u00c1NH<\/span><\/h3>\n<div class=\"textwidget\">\n<p style=\"text-align: center;\"><span style=\"color: #008000;\">\u0110C: T\u1ea7ng 5, khu v\u0103n ph\u00f2ng T\u00f2a A, t\u00f2a nh\u00e0 Imperia Garden, s\u1ed1 203 Nguy\u1ec5n Huy T\u01b0\u1edfng, Thanh Xu\u00e2n,H\u00e0 N\u1ed9i<\/span><\/p>\n<p style=\"text-align: center;\"><span style=\"color: #008000;\">X\u01b0\u1edfng SX: 640 Tr\u1ea7n Q\u00fay C\u00e1p, \u0110\u1ed1ng \u0110a, H\u00e0 N\u1ed9i<\/span><\/p>\n<p style=\"text-align: center;\"><span style=\"color: #008000;\">Email: xuonginduckhanh@gmail.com<\/span><\/p>\n<\/div>\n","protected":false},"excerpt":{"rendered":"<h1 class=\"text-center\" style=\"text-align: left;\"><span style=\"font-size: 14pt;\">In catalo \u0110\u1ee9c Kh\u00e1nh \u0111\u01b0\u1ee3c nhi\u1ec1u \u0111\u01a1n v\u1ecb l\u1ef1a ch\u1ecdn v\u1edbi nh\u1eefng \u0111i\u1ec3m t\u1ed1i \u01b0u:<\/span><\/h1>\n<ul style=\"list-style-type: square;\">\n<li><span style=\"font-size: 12pt;\">In \u1ea5n tr\u1ef1c ti\u1ebfp t\u1ea1i x\u01b0\u1edfng kh\u00f4ng qua trung gian<\/span><\/li>\n<li><span style=\"font-size: 12pt;\">In catalo l\u1ea5y ngay \u0111\u00e1p \u1ee9ng m\u1ecdi \u0111\u01a1n h\u00e0ng g\u1ea5p<\/span><\/li>\n<li><span style=\"font-size: 12pt;\">C\u00f4ng ngh\u1ec7 in \u1ea5n gia c\u00f4ng hi\u1ec7n \u0111\u1ea1i, 100% KH h\u00e0i l\u00f2ng<\/span><\/li>\n<li><span style=\"font-size: 12pt;\">\u01afu \u0111\u00e3i h\u1ee3p \u0111\u1ed3ng in catalo sign l\u1edbn<strong><span style=\"color: #ff0000;\">( tri\u1ebft kh\u1ea5u %)<\/span><\/strong><\/span><\/li>\n<\/ul>\n","protected":false},"featured_media":501,"comment_status":"open","ping_status":"closed","template":"","meta":[],"_links":{"self":[{"href":"https:\/\/c373-induckhanh.com-vn.net\/index.php?rest_route=\/wp\/v2\/product\/459"}],"collection":[{"href":"https:\/\/c373-induckhanh.com-vn.net\/index.php?rest_route=\/wp\/v2\/product"}],"about":[{"href":"https:\/\/c373-induckhanh.com-vn.net\/index.php?rest_route=\/wp\/v2\/types\/product"}],"replies":[{"embeddable":true,"href":"https:\/\/c373-induckhanh.com-vn.net\/index.php?rest_route=%2Fwp%2Fv2%2Fcomments&post=459"}],"wp:featuredmedia":[{"embeddable":true,"href":"https:\/\/c373-induckhanh.com-vn.net\/index.php?rest_route=\/wp\/v2\/media\/501"}],"wp:attachment":[{"href":"https:\/\/c373-induckhanh.com-vn.net\/index.php?rest_route=%2Fwp%2Fv2%2Fmedia&parent=459"}],"curies":[{"name":"wp","href":"https:\/\/api.w.org\/{rel}","templated":true}]}}