{"id":2,"date":"2017-06-15T04:20:37","date_gmt":"2017-06-14T21:20:37","guid":{"rendered":"http:\/\/raothue.ddns.net\/demo\/rt-core\/?page_id=2"},"modified":"2018-03-09T14:02:09","modified_gmt":"2018-03-09T07:02:09","slug":"gioi-thieu","status":"publish","type":"page","link":"https:\/\/c373-induckhanh.com-vn.net\/?page_id=2","title":{"rendered":"Gi\u1edbi thi\u1ec7u"},"content":{"rendered":"<p>Ho\u1ea1t \u0111\u1ed9ng l\u00e2u n\u0103m trong l\u0129nh v\u1ef1c thi\u1ebft k\u1ebf c\u00e1c s\u1ea3n ph\u1ea9m \u0111\u1ed3 h\u1ecda qu\u1ea3ng c\u00e1o, in \u1ea5n s\u1ea3n xu\u1ea5t c\u00e1c \u1ea5n ph\u1ea9m ng\u00e0nh gi\u1ea5y, bao b\u00ec nilon&#8230; Trang tr\u00ed, thi c\u00f4ng n\u1ed9i th\u1ea5t, ngo\u1ea1i th\u1ea5t s\u00e2n v\u01b0\u1eddn ti\u1ec3u c\u1ea3nh. C\u00f4ng ty\u00a0 \u0111\u00e3 v\u00e0 \u0111ang t\u1ea1o d\u1ef1ng \u0111\u01b0\u1ee3c ni\u1ec1m tin v\u00e0 ng\u00e0y c\u00e0ng ph\u1ee5c v\u1ee5 \u0111a d\u1ea1ng \u0111\u1ed1i t\u00e1c, kh\u00e1ch h\u00e0ng trong n\u01b0\u1edbc v\u00e0 kh\u00e1ch h\u00e0ng n\u01b0\u1edbc ngo\u00e0i ho\u1ea1t \u0111\u1ed9ng t\u1ea1i Vi\u1ec7t Nam. S\u1ea3n ph\u1ea9m d\u1ecbch v\u1ee5 s\u00e1ng t\u1ea1o c\u1ee7a ch\u00fang t\u00f4i \u0111\u00e3 \u0111\u01b0\u1ee3c \u1ee9ng d\u1ee5ng r\u1ed9ng r\u00e3i trong c\u00f4ng vi\u1ec7c s\u1ea3n xu\u1ea5t kinh doanh, ph\u00e1t tri\u1ec3n th\u01b0\u01a1ng hi\u1ec7u c\u1ee7a c\u00e1c doanh nghi\u1ec7p.<\/p>\n<p>Ti\u00eau ch\u00ed ho\u1ea1t \u0111\u1ed9ng c\u1ee7a ch\u00fang t\u00f4i l\u00e0 h\u01b0\u1edbng \u0111\u1ebfn l\u1ee3i \u00edch kh\u00e1ch h\u00e0ng, lu\u00f4n t\u1ea1o ra nh\u1eefng s\u1ea3n ph\u1ea9m thi\u1ebft k\u1ebf \u0111\u1ed3 h\u1ecda s\u00e1ng t\u1ea1o nh\u1ea5t, Lu\u00f4n n\u1ed7 l\u1ef1c gi\u1ea3m chi ph\u00ed t\u1ed1i \u0111a cho c\u00e1c s\u1ea3n ph\u1ea9m in \u1ea5n s\u1ea3n xu\u1ea5t&#8230; gi\u00fap kh\u00e1ch h\u00e0ng ti\u1ebft ki\u1ec7m \u0111\u00e1ng k\u1ec3 chi ph\u00ed qu\u1ea3ng c\u00e1o truy\u1ec1n th\u00f4ng.<\/p>\n<p><strong>C\u00e1c m\u1ea3ng ho\u1ea1t \u0111\u1ed9ng ch\u00ednh c\u1ee7a In \u0110\u1ee9c Kh\u00e1nh bao g\u1ed3m<\/strong><\/p>\n<p><strong>THI\u1ebeT K\u1ebe S\u00c1NG T\u1ea0O<\/strong><br \/>\n&#8211; Thi\u1ebft k\u1ebf Th\u01b0\u01a1ng hi\u1ec7u: Bao g\u1ed3m thi\u1ebft k\u1ebf logo v\u00e0 quy chu\u1ea9n h\u1ec7 th\u1ed1ng nh\u1eadn di\u1ec7n th\u01b0\u01a1ng hi\u1ec7u doanh nghi\u1ec7p s\u1eed d\u1ee5ng cho v\u0103n ph\u00f2ng, quy chu\u1ea9n h\u1ec7 th\u1ed1ng nh\u1eadn di\u1ec7n s\u1ea3n ph\u1ea9m bao b\u00ec nh\u00e3n m\u00e1c s\u1eed d\u1ee5ng cho b\u00e1n h\u00e0ng.<br \/>\n&#8211; Thi\u1ebft k\u1ebf Qu\u1ea3ng c\u00e1o truy\u1ec1n th\u00f4ng t\u0129nh: Bao g\u1ed3m thi\u1ebft k\u1ebf c\u00e1c s\u1ea3n ph\u1ea9m ph\u1ee5c v\u1ee5 cho b\u00e1n h\u00e0ng t\u1eeb h\u1ec7 th\u1ed1ng qu\u1ea3ng c\u00e1o ngo\u00e0i tr\u1eddi \u0111\u1ebfn c\u00e1c s\u1ea3n ph\u1ea9m in \u1ea5n kh\u00e1c.<br \/>\n&#8211; Thi\u1ebft k\u1ebf \u1ea5n ph\u1ea9m: Bao g\u1ed3m c\u00e1c \u1ea5n ph\u1ea9m \u0111\u01b0\u1ee3c ph\u00e9p l\u01b0u h\u00e0nh theo quy \u0111\u1ecbnh v\u00e0 c\u00e1c \u1ea5n ph\u1ea9m l\u01b0u h\u00e0nh h\u1ed9i b\u1ed9 ho\u1eb7c ph\u1ee5c v\u1ee5 m\u1ee5c \u0111\u00edch qu\u1ea3ng b\u00e1 th\u01b0\u01a1ng hi\u1ec7u s\u1eed d\u1ee5ng n\u1ed9i b\u1ed9 nh\u01b0 thi\u1ebft k\u1ebf s\u00e1ch, b\u00e1o, t\u1ea1p ch\u00ed, catalogue, k\u1ef7 y\u1ebfu, l\u1ecbch&#8230;<br \/>\n&#8211; Thi\u1ebft k\u1ebf bao b\u00ec: Bao g\u1ed3m thi\u1ebft k\u1ebf c\u00e1c lo\u1ea1i bao b\u00ec h\u1ed9p, bao b\u00ec g\u00f3i, bao b\u00ec t\u00fai&#8230; thu\u1ed9c c\u00e1c ch\u1ea5t li\u1ec7u kh\u00e1c nhau ph\u1ee5c v\u1ee5 s\u1ea3n xu\u1ea5t kinh doanh<br \/>\n&#8211; Thi\u1ebft k\u1ebf n\u1ed9i th\u1ea5t: Bao g\u1ed3m thi\u1ebft k\u1ebf n\u1ed9i th\u1ea5t nh\u00e0 \u1edf, n\u1ed9i th\u1ea5t v\u0103n ph\u00f2ng, Trang tr\u00ed s\u00e2n v\u01b0\u1eddn, ti\u1ec3u c\u1ea3nh khu\u00f4n vi\u00ean theo phong th\u1ee7y.<br \/>\n&#8211; Thi\u1ebft k\u1ebf website: Bao g\u1ed3m thi\u1ebft k\u1ebf giao di\u1ec7n v\u00e0 vi\u1ebft code cho website, thi\u1ebft k\u1ebf banner v\u00e0 icon \u1ee9ng d\u1ee5ng tr\u00ean internet.<\/p>\n<p><strong>IN \u1ea4N S\u1ea2N XU\u1ea4T<\/strong><br \/>\nX\u01b0\u1edfng In \u0110\u1ee9c Kh\u00e1nh trang b\u1ecb \u0111\u1ea7y \u0111\u1ee7 m\u00e1y in offset, m\u00e1y in \u1ed1ng \u0111\u1ed3ng v\u00e0 m\u00e1y gia c\u00f4ng sau in ph\u1ee5c v\u1ee5 t\u1ed1i \u0111a nhu c\u1ea7u in \u1ea5n s\u1ea3n xu\u1ea5t ng\u00e0nh gi\u1ea5y v\u00e0 bao b\u00ec nilon c\u1ee7a kh\u00e1ch h\u00e0ng.<br \/>\n&#8211; In offset: Ph\u1ee5c v\u1ee5 cho s\u1ea3n xu\u1ea5t \u1ea5n ph\u1ea9m ng\u00e0nh gi\u1ea5y t\u1eeb \u1ea5n ph\u1ea9m v\u0103n ph\u00f2ng, \u1ea5n ph\u1ea9m truy\u1ec1n th\u00f4ng \u0111\u1ebfn bao b\u00ec nh\u00e3n m\u00e1c&#8230;<br \/>\n&#8211; In \u1ed1ng \u0111\u1ed3ng: Ph\u1ee5 v\u1ee5 cho s\u1ea3n xu\u1ea5t c\u00e1c lo\u1ea1i bao b\u00ec nh\u1ef1a s\u1ed1 l\u01b0\u01a1ng l\u1edbn, th\u00e0nh ph\u1ea9m l\u00e0 c\u00e1c lo\u1ea1i t\u00fai nilon ph\u1ee5c v\u1ee5 cho s\u1ea3n xu\u1ea5t, kinh doanh h\u00e0ng h\u00f3a.<br \/>\n&#8211; In l\u01b0\u1edbi: h\u1ed7 tr\u1ee3 cho 2 lo\u1ea1i m\u00e1y tr\u00ean, d\u00f9ng in c\u00e1c s\u1ea3n ph\u1ea9m v\u1edbi s\u1ed1 l\u01b0\u1ee3ng \u00edt ho\u1eb7c c\u00f3 quy c\u00e1ch kh\u00e1c bi\u1ec7t kh\u00f4ng \u00e1p d\u1ee5ng \u0111\u01b0\u1ee3c cho in c\u00f4ng nghi\u1ec7p<br \/>\n&#8211; In phun k\u1ef9 thu\u1eadt s\u1ed1: G\u1ed3m m\u00e1y in phun c\u1ee1 l\u1edbn d\u00f9ng in c\u00e1c s\u1ea3n ph\u1ea9m qu\u1ea3ng c\u00e1o ngo\u00e0i tr\u1eddi; M\u00e1y in phun c\u1ee1 nh\u1ecf d\u00f9ng in c\u00e1c s\u1ea3n ph\u1ea9m c\u1ea7n l\u1ea5y nhanh.<\/p>\n<p><strong>TRANG TR\u00cd N\u1ed8I NGO\u1ea0I TH\u1ea4T<\/strong><br \/>\nM\u1ea3ng thi\u1ebft k\u1ebf trang tr\u00ed n\u1ed9i ngo\u1ea1i th\u1ea5t c\u1ee7a ch\u00fang t\u00f4i \u0111\u00e3 \u0111\u1ea1t \u0111\u01b0\u1ee3c r\u1ea5t nhi\u1ec1u th\u00e0nh t\u1ef1u \u0111\u00e1ng k\u1ec3. Trong \u0111\u00f3 ph\u1ea3i k\u1ec3 \u0111\u1ebfn c\u00e1c d\u1ef1 \u00e1n thi\u1ebft k\u1ebf, trang tr\u00ed thi c\u00f4ng c\u00e1c c\u00f4ng tr\u00ecnh n\u1ed9i ngo\u1ea1i th\u1ea5t bi\u1ec7t th\u1ef1 nh\u00e0 v\u01b0\u1eddn. n\u1ed9i th\u1ea5t v\u0103n ph\u00f2ng v\u00e0 nh\u00e0 \u1edf. H\u1ea7u h\u1ebft kh\u00e1ch h\u00e0ng \u0111\u00e3 h\u00e0i l\u00f2ng. \u0110i\u1ec3m m\u1ea1nh c\u1ee7a ch\u00fang t\u00f4i v\u1ec1 trang tr\u00ed n\u1ed9i ngo\u1ea1i th\u1ea5t l\u00e0 s\u1ef1 k\u1ebft h\u1ee3p gi\u1eefa khoa h\u1ecdc v\u00e0 phong th\u1ee7y gi\u00fap v\u1eeba h\u00e0i h\u00f2a t\u00ednh th\u1ea9m m\u1ef9, v\u1eeba t\u1ed1t cho s\u1ee9c kh\u1ecfe v\u00e0 s\u1ef1 th\u1ecbnh v\u01b0\u1ee3ng c\u1ee7a gia ch\u1ee7.<\/p>\n<p>In \u0110\u1ee9c Kh\u00e1nh c\u1ea3m \u01a1n kh\u00e1ch h\u00e0ng \u0111\u00e3 lu\u00f4n \u1ee7ng h\u1ed9, h\u1ee3p t\u00e1c v\u1edbi ch\u00fang t\u00f4i trong su\u1ed1t nh\u1eefng n\u0103m qua. \u0110\u1ec3 ng\u00e0y c\u00e0ng ho\u00e0n thi\u1ec7n v\u00e0 ph\u00e1t tri\u1ec3n h\u01a1n, ch\u00fang t\u00f4i lu\u00f4n l\u1eafng nghe, ti\u1ebfp thu \u00fd ki\u1ebfn \u0111\u00f3ng g\u00f3p t\u1eeb ph\u00eda kh\u00e1ch h\u00e0ng nh\u1eb1m n\u00e2ng cao ch\u1ea5t l\u01b0\u1ee3ng s\u1ea3n ph\u1ea9m d\u1ecbch v\u1ee5, lu\u00f4n \u0111\u1ed5i m\u1edbi c\u00f4ng ngh\u1ec7, \u0111\u00e1p \u1ee9ng t\u1ed1t nh\u1ea5t v\u1ec1 ch\u1ea5t l\u01b0\u1ee3ng v\u00e0 gi\u1ea3m gi\u00e1 th\u00e0nh s\u1ea3n ph\u1ea9m.<\/p>\n<p>INDUCKHANH Design Co., LTD<br \/>\nBan Gi\u00e1m \u0111\u1ed1c<\/p>\n","protected":false},"excerpt":{"rendered":"<p>Ho\u1ea1t \u0111\u1ed9ng l\u00e2u n\u0103m trong l\u0129nh v\u1ef1c thi\u1ebft k\u1ebf c\u00e1c s\u1ea3n ph\u1ea9m \u0111\u1ed3 h\u1ecda qu\u1ea3ng c\u00e1o, in \u1ea5n s\u1ea3n xu\u1ea5t &hellip; <a class=\"link-more\" href=\"https:\/\/c373-induckhanh.com-vn.net\/?page_id=2\" class=\"more-link\">\u0110\u1ecdc th\u00eam &raquo;<span class=\"screen-reader-text\"> &#8220;Gi\u1edbi thi\u1ec7u&#8221;<\/span><\/a><\/p>\n","protected":false},"author":1,"featured_media":0,"parent":0,"menu_order":0,"comment_status":"closed","ping_status":"closed","template":"","meta":[],"_links":{"self":[{"href":"https:\/\/c373-induckhanh.com-vn.net\/index.php?rest_route=\/wp\/v2\/pages\/2"}],"collection":[{"href":"https:\/\/c373-induckhanh.com-vn.net\/index.php?rest_route=\/wp\/v2\/pages"}],"about":[{"href":"https:\/\/c373-induckhanh.com-vn.net\/index.php?rest_route=\/wp\/v2\/types\/page"}],"author":[{"embeddable":true,"href":"https:\/\/c373-induckhanh.com-vn.net\/index.php?rest_route=\/wp\/v2\/users\/1"}],"replies":[{"embeddable":true,"href":"https:\/\/c373-induckhanh.com-vn.net\/index.php?rest_route=%2Fwp%2Fv2%2Fcomments&post=2"}],"version-history":[{"count":7,"href":"https:\/\/c373-induckhanh.com-vn.net\/index.php?rest_route=\/wp\/v2\/pages\/2\/revisions"}],"predecessor-version":[{"id":526,"href":"https:\/\/c373-induckhanh.com-vn.net\/index.php?rest_route=\/wp\/v2\/pages\/2\/revisions\/526"}],"wp:attachment":[{"href":"https:\/\/c373-induckhanh.com-vn.net\/index.php?rest_route=%2Fwp%2Fv2%2Fmedia&parent=2"}],"curies":[{"name":"wp","href":"https:\/\/api.w.org\/{rel}","templated":true}]}}