{"id":189,"date":"2017-11-27T16:27:06","date_gmt":"2017-11-27T09:27:06","guid":{"rendered":"http:\/\/inminhtrang.net\/?page_id=189"},"modified":"2017-12-11T10:21:42","modified_gmt":"2017-12-11T03:21:42","slug":"huong-dan-dat","status":"publish","type":"page","link":"https:\/\/c373-induckhanh.com-vn.net\/?page_id=189","title":{"rendered":"H\u01b0\u1edbng d\u1eabn \u0111\u1eb7t in"},"content":{"rendered":"<h1 style=\"text-align: center;\"><span style=\"color: #ff0000;\">Quy Tr\u00ecnh c\u1ee7a m\u1ed9t \u0111\u01a1n h\u00e0ng<\/span><\/h1>\n<h3><span style=\"color: #0000ff;\"><strong>Kh\u0103n \u01b0\u1edbt<\/strong><\/span><\/h3>\n<div><strong>1. Cho\u0323n m\u1eabu kh\u0103n \u01b0\u1edbt ph\u00f9 h\u1ee3p ( l\u00f5i kh\u0103n, v\u1ecf kh\u0103n)<\/strong><\/div>\n<ul>\n<li>l\u00f5i kh\u0103n\n<ul>\n<li>L\u00f5i l\u01b0\u1edbi<\/li>\n<li>L\u00f5i ch\u1ea5m bi nh\u1ecf , bi to ( bi S\u00e0i g\u00f2n)<\/li>\n<li>L\u00f5i ph\u00ean<\/li>\n<li>L\u00f5i s\u00f3ng xanh<\/li>\n<\/ul>\n<\/li>\n<li>V\u1ecf kh\u0103n\n<ul>\n<li>V\u1ecf tr\u1eafng ( v\u1ecf Ng\u1ecdc)<\/li>\n<li>V\u1ecf m\u00e0u ( v\u1ecf k\u1ebdm)<\/li>\n<\/ul>\n<\/li>\n<\/ul>\n<div><\/div>\n<div><strong>2. L\u00e0m maket thi\u1ebft k\u1ebf logo kh\u0103n<\/strong><\/div>\n<ul>\n<li>Kh\u00e1ch h\u00e0ng cung c\u1ea5p logo, n\u1ed9i dung ng\u1eafn g\u1ecdn, \u0111\u1ecba ch\u1ec9, s\u1ed1 \u0111i\u1ec7n tho\u1ea1i<\/li>\n<li>C\u00f4ng ty s\u1ebd l\u00ean maket r\u1ed3i g\u1eedi cho kh\u00e1ch h\u00e0ng duy\u1ec7t r\u1ed3i s\u1ebd ti\u1ebfn h\u00e0nh in<\/li>\n<\/ul>\n<div><strong>3.\u00a0Kh\u00e2u in<\/strong><\/div>\n<ul>\n<li>In l\u1ee5a\n<ul>\n<li>In 1 m\u00e0u m\u1ef1c\u00a0tr\u00ean nh\u1eefng n\u1ec1n c\u00f3 s\u1eb5n c\u1ee7a c\u00f4ng ty<\/li>\n<li>Sau 2 ng\u00e0y s\u1ebd giao h\u00e0ng cho nh\u1eefng \u0111\u01a1n h\u00e0ng \u00edt h\u01a1n 10.000 c\u00e1i (n\u1ebfu s\u1ed1 l\u01b0\u1ee3ng l\u1edbn h\u01a1n s\u1ebd m\u1ea5t th\u00eam 1 \u0111\u1ebfn 2 ng\u00e0y)<\/li>\n<\/ul>\n<\/li>\n<li>in plexo<\/li>\n<\/ul>\n<p>In \u0111\u01b0\u1ee3c nhi\u1ec1u m\u00e0u s\u00e1t nhau tr\u00ean nh\u1eefng n\u1ec1n c\u00f3 s\u1eb5n<\/p>\n<p>S\u1ed1 l\u01b0\u1ee3ng y\u00eau c\u1ea7u:\u00a0&gt; 5000 chi\u1ebfc<\/p>\n<p>Giao h\u00e0ng 3 ng\u00e0y sau khi ch\u1ed1t m\u1eabu<\/p>\n<ul>\n<li>In tr\u1ee5c\n<ul>\n<li>In tr\u1ee5c s\u1ebd in \u0111\u01b0\u1ee3c t\u1ea5t c\u1ea3 c\u00e1c m\u00e0u m\u00e0 kh\u00e1ch h\u00e0ng mu\u1ed1n tr\u00ean s\u1ea3n ph\u1ea9m kh\u0103n \u01b0\u1edbt.<\/li>\n<li>Kh\u00e1ch h\u00e0ng ph\u1ea3i \u0111\u1eb7t c\u1ecdc chi c\u00f4ng ty 2.000.000 ( hai tri\u1ec7u \u0111\u1ed3ng) tr\u00ean 1 m\u00e0u v\u00e0 sau 25 th\u00f9ng ( 25.000 chi\u1ebfc kh\u0103n) c\u00f4ng ty s\u1ebd ho\u00e0n tr\u1ea3 l\u1ea1i ti\u1ec1n \u0111\u1eb7t c\u1ecdc l\u00f4 tr\u1ee5c cho kh\u00e1ch hang, t\u01b0\u01a1ng t\u1ef1 nh\u01b0 th\u1ebf so v\u1edbi nh\u1eefng m\u00e0u c\u00f2n l\u1ea1i ( kh\u0103n nhi\u1ec1u h\u01a1n 1 m\u00e0u)<\/li>\n<li>Sau 20 ng\u00e0y duy\u1ec7t maket\u00a0c\u00f4ng ty s\u1ebd giao s\u1ebd giao \u0111\u01a1n h\u00e0ng \u0111\u1ea7u ti\u00ean, c\u00f2n nh\u1eefng \u0111\u01a1n h\u00e0ng ti\u1ebfp theo s\u1ebd giao sau 2 ng\u00e0y kh\u00e1ch \u0111\u1eb7t h\u00e0ng<\/li>\n<\/ul>\n<\/li>\n<\/ul>\n<h2>\u00a0<span style=\"color: #0000ff;\"><strong>V\u1ecf \u0111\u0169a<\/strong><\/span><\/h2>\n<p><strong>1.Ch\u1ecdn m\u1eabu v\u1ecf \u0111\u0169a ph\u00f9 h\u1ee3p<\/strong><\/p>\n<ul>\n<li>Ch\u00fang t\u00f4i c\u00f3 r\u1ea5t nhi\u1ec1u m\u1eabu v\u1ecf \u0111\u0169a \u0111\u1eb9p, \u0111a d\u1ea1ng v\u1ec1 m\u00e0u s\u1eafc, k\u00edch th\u01b0\u1edbc, \u0111\u1ed9 d\u1ea7y, c\u00f3 n\u1eafp, t\u1ea1o ki\u1ec3u<\/li>\n<\/ul>\n<p><strong>Xem c\u00e1c\u00a0m\u1eabu v\u1ecf \u0111\u0169a \u0111\u1eb9p t\u1ea1i \u0111\u00e2y<\/strong><\/p>\n<div><strong>2. Lo\u1ea1i Gi\u1ea5y<\/strong><\/div>\n<ul>\n<li>Off 80 th\u00f4ng th\u01b0\u1eddng\u2026Off 100\u2026Off 120( hay d\u00f9ng)<\/li>\n<li>C120 \u0111\u1ebfn C200<\/li>\n<li>K\u00edch th\u01b0\u1edbc v\u1ecf \u0111\u0169a: 2,3 x 25 cm, 2,5 x 26 cm , 3 x 27 cm\u2026<\/li>\n<li>M\u00e0u ch\u1eef: Nh\u1eefng m\u00e0u in th\u00f4ng th\u01b0\u1eddng l\u00e0m n\u1ed5i b\u1eadt v\u00e0 \u0111\u1eb9p v\u1ebb ngo\u00e0i v\u1ecf \u0111\u0169a<\/li>\n<li>H\u00ecnh th\u1ee9c in: in m\u00e1y Offset r\u00f5, \u0111\u1eb9p t\u1eeb 1 \u0111\u1ebfn 4 m\u00e0u<\/li>\n<\/ul>\n<p>C\u0103n c\u1ee9 v\u00e0o nhu c\u1ea7u s\u1eed d\u1ee5ng, quy c\u00e1ch, gi\u00e1 b\u00e1n s\u1ea3n ph\u1ea9m KH s\u1ebd ch\u1ecdn ra \u0111\u01b0\u1ee3c s\u1ea3n ph\u1ea9m ph\u00f9 h\u1ee3p cho m\u00ecnh.\u00a0<strong>Xem b\u00e1o\u00a0gi\u00e1\u00a0in v\u1ecf \u0111\u0169a t\u1ea1i \u0111\u00e2y<\/strong>\u00a0 .<\/p>\n<div><strong>3. L\u00e0m maket thi\u1ebft k\u1ebf v\u1ecf bao \u0111\u0169a<\/strong><\/div>\n<p>Sau khi \u0111\u00e3 ch\u1ecdn l\u1ef1a \u0111\u01b0\u1ee3c lo\u1ea1i s\u1ea3n ph\u1ea9m ph\u00f9 h\u1ee3p, KH s\u1ebd cung c\u1ea5p cho b\u00ean s\u1ea3n xu\u1ea5t nh\u1eefng th\u00f4ng tin m\u00e0 KH mu\u1ed1n xu\u1ea5t hi\u1ec7n tr\u00ean V\u1ecf \u0111\u0169a \u0111\u1ec3 l\u00ean maket thi\u1ebft k\u1ebf, th\u00f4ng tin th\u00f4ng th\u01b0\u1eddng bao g\u1ed3m:<\/p>\n<ul>\n<li><strong>T\u00ean:<\/strong>\u00a0c\u00e1 nh\u00e2n, t\u1ed5 ch\u1ee9c, doanh nghi\u1ec7p,\u2026. s\u1eed d\u1ee5ng<\/li>\n<li><strong>N\u1ed9i dung :<\/strong>\u00a0ng\u1eafn g\u1ecdn, m\u00e0 c\u00e1 nh\u00e2n, t\u1ed5 ch\u1ee9c mu\u1ed1n truy\u1ec1n t\u1ea3i th\u00eam<\/li>\n<li><strong>\u0110\u1ecba ch\u1ec9<\/strong><\/li>\n<li><strong>S\u1ed1 \u0111i\u1ec7n tho\u1ea1i<\/strong><\/li>\n<\/ul>\n<p>D\u1ef1a v\u00e0o nh\u1eefng th\u00f4ng tin m\u00e0 KH cung c\u1ea5p, b\u00ean c\u00f4ng ty s\u1ebd l\u00ean maket m\u1eabu v\u00e0 n\u1ebfu c\u1ea7n s\u1ebd g\u1eedi tr\u01b0\u1edbc cho KH duy\u1ec7t r\u1ed3i m\u1edbi ti\u1ebfn h\u00e0nh in<\/p>\n<div><strong>4.Ti\u1ebfn h\u00e0nh in v\u00e0 ho\u00e0n thi\u1ec7n \u0111\u01a1n h\u00e0ng\u00a0in v\u1ecf \u0111\u0169a<\/strong><\/div>\n<p>Sau khi \u0111\u00e3 th\u1ed1ng nh\u1ea5t c\u00f4ng ty s\u1ebd ti\u1ebfn h\u00e0nh cho in, v\u00e0 th\u1eddi gian \u0111\u1ec3 ho\u00e0n th\u00e0nh xong 1 \u0111\u01a1n h\u00e0ng:<\/p>\n<ul>\n<li>\u0110\u1ed1i v\u1edbi \u0111\u01a1n t\u1eeb 10.000 \u2013 30.000 c\u00e1i \u2013 5 ng\u00e0y( k\u1ec3 t\u1eeb ng\u00e0y duy\u1ec7t maket)<\/li>\n<li>\u0110\u1ed1i v\u1edbi \u0111\u01a1n t\u1eeb: 40.000 \u2013 100.000 \u2013 7- 10 ng\u00e0y, theo t\u1eebng \u0111\u01a1n c\u1ee5 th\u1ec3 ( k\u1ec3 t\u1eeb ng\u00e0y duy\u1ec7t maket)<\/li>\n<\/ul>\n<p>&nbsp;<\/p>\n<div><strong>5.Giao h\u00e0ng v\u00e0 thanh to\u00e1n<\/strong><\/div>\n<ul>\n<li>\u1ee8ng tr\u01b0\u1edbc 50 % gi\u00e1 tr\u1ecb h\u00e0ng khi \u0111\u00e3 duy\u1ec7t \u0111\u01a1n gi\u00e1, sau khi giao h\u00e0ng s\u1ebd thanh to\u00e1n h\u1ebft.<\/li>\n<li>Gi\u00e1 ch\u01b0a bao g\u1ed3m VAT, mi\u1ec5n ph\u00ed giao h\u00e0ng trong c\u00e1c qu\u1eadn n\u1ed9i th\u00e0nh c\u0169 H\u00e0 n\u1ed9i.<\/li>\n<li>Khi ho\u00e0n thi\u1ec7n xong \u0111\u01a1n h\u00e0ng, b\u00ean c\u00f4ng ty s\u1ebd giao h\u00e0ng \u0111\u1ebfn t\u1eadn n\u01a1i theo th\u1eddi gian v\u00e0 \u0111\u1ecba \u0111i\u1ec3m th\u1ecfa thu\u1eadn tr\u01b0\u1edbc v\u00e0 qu\u00fd KH thanh to\u00e1n ngay cho b\u00ean c\u00f4ng ty sau khi nh\u1eadn \u0111\u01b0\u1ee3c h\u00e0ng.<\/li>\n<\/ul>\n<blockquote>\n<h3><\/h3>\n<h3><span style=\"color: #0000ff;\">Th\u00f4ng tin v\u0103n ph\u00f2ng<\/span><\/h3>\n<div>\n<p><strong>Tr\u1ee5 s\u1edf: Ph\u00f2ng 2014 To\u00e0 nh\u00e0 HH1C Linh \u0110\u00e0m , P. \u0110\u1ea1i Kim , Ho\u00e0ng Mai , H\u00e0 N\u1ed9i<\/strong><\/p>\n<p><strong>\u0110i\u1ec7n tho\u1ea1i:<\/strong> <span style=\"color: #ff0000;\"><strong>0971 678 126<\/strong><\/span> <strong>Zalo<\/strong>\u00a0: <strong><span style=\"color: #ff0000;\">0971 678 126<\/span><\/strong><\/p>\n<p><strong>Email:<\/strong> inminhtrang126@gmail.com<\/p>\n<p><strong>Website:<\/strong>\u00a0inminhtrang.net<\/p>\n<\/div>\n<\/blockquote>\n","protected":false},"excerpt":{"rendered":"<p>Quy Tr\u00ecnh c\u1ee7a m\u1ed9t \u0111\u01a1n h\u00e0ng Kh\u0103n \u01b0\u1edbt 1. Cho\u0323n m\u1eabu kh\u0103n \u01b0\u1edbt ph\u00f9 h\u1ee3p ( l\u00f5i kh\u0103n, v\u1ecf kh\u0103n) &hellip; <a class=\"link-more\" href=\"https:\/\/c373-induckhanh.com-vn.net\/?page_id=189\" class=\"more-link\">\u0110\u1ecdc th\u00eam &raquo;<span class=\"screen-reader-text\"> &#8220;H\u01b0\u1edbng d\u1eabn \u0111\u1eb7t in&#8221;<\/span><\/a><\/p>\n","protected":false},"author":1,"featured_media":0,"parent":0,"menu_order":0,"comment_status":"closed","ping_status":"closed","template":"","meta":[],"_links":{"self":[{"href":"https:\/\/c373-induckhanh.com-vn.net\/index.php?rest_route=\/wp\/v2\/pages\/189"}],"collection":[{"href":"https:\/\/c373-induckhanh.com-vn.net\/index.php?rest_route=\/wp\/v2\/pages"}],"about":[{"href":"https:\/\/c373-induckhanh.com-vn.net\/index.php?rest_route=\/wp\/v2\/types\/page"}],"author":[{"embeddable":true,"href":"https:\/\/c373-induckhanh.com-vn.net\/index.php?rest_route=\/wp\/v2\/users\/1"}],"replies":[{"embeddable":true,"href":"https:\/\/c373-induckhanh.com-vn.net\/index.php?rest_route=%2Fwp%2Fv2%2Fcomments&post=189"}],"version-history":[{"count":4,"href":"https:\/\/c373-induckhanh.com-vn.net\/index.php?rest_route=\/wp\/v2\/pages\/189\/revisions"}],"predecessor-version":[{"id":340,"href":"https:\/\/c373-induckhanh.com-vn.net\/index.php?rest_route=\/wp\/v2\/pages\/189\/revisions\/340"}],"wp:attachment":[{"href":"https:\/\/c373-induckhanh.com-vn.net\/index.php?rest_route=%2Fwp%2Fv2%2Fmedia&parent=189"}],"curies":[{"name":"wp","href":"https:\/\/api.w.org\/{rel}","templated":true}]}}