{"id":142,"date":"2017-11-27T14:38:40","date_gmt":"2017-11-27T07:38:40","guid":{"rendered":"http:\/\/hungrt.raothue.com\/kimhoangprint\/?page_id=142"},"modified":"2018-03-09T13:53:25","modified_gmt":"2018-03-09T06:53:25","slug":"bao-gia","status":"publish","type":"page","link":"https:\/\/c373-induckhanh.com-vn.net\/?page_id=142","title":{"rendered":"B\u00e1o gi\u00e1"},"content":{"rendered":"<div class=\"news_dt\">\n<div class=\"content_newsdt\">\n<p>C\u00f4ng ty C\u1ed5 ph\u1ea7n In \u0110\u1ee9c Kh\u00e1nh xin tr\u00e2n tr\u1ecdng k\u00ednh g\u1eedi t\u1edbi Qu\u00fd kh\u00e1ch h\u00e0ng b\u1ea3ng b\u00e1o gi\u00e1 in \u1ea5n.B\u1eb1ng t\u1ea5t c\u1ea3 nhi\u1ec7t huy\u1ebft c\u00f9ng v\u1edbi c\u00f4ng ngh\u1ec7 in \u1ea5n hi\u1ec7n \u0111\u1ea1i, ch\u00fang t\u00f4i t\u1ef1 tin cung c\u1ea5p d\u1ecbch v\u1ee5 thi\u1ebft k\u1ebf v\u00e0 in \u1ea5n v\u1edbi ch\u1ea5t l\u01b0\u1ee3ng t\u1ed1t nh\u1ea5t tr\u00ean t\u1eebng trang in cho qu\u00fd kh\u00e1ch h\u00e0ng.<\/p>\n<p class=\"text-center\" style=\"text-align: center;\"><span style=\"color: #ff0000;\"><strong>Ch\u00fac Qu\u00fd kh\u00e1ch M\u1ea1nh kh\u1ecfe \u2013 H\u1ea1nh ph\u00fac \u2013 An khang th\u1ecbnh v\u01b0\u1ee3ng!<\/strong><\/span><\/p>\n<p class=\"text-center\" style=\"text-align: center;\"><span style=\"color: #ff0000;\"><strong><img loading=\"lazy\" class=\"aligncenter size-full wp-image-524\" src=\"http:\/\/induckhanh.com\/wp-content\/uploads\/2017\/11\/21.jpg\" alt=\"\" width=\"646\" height=\"270\" srcset=\"https:\/\/c373-induckhanh.com-vn.net\/wp-content\/uploads\/2017\/11\/21.jpg 646w, https:\/\/c373-induckhanh.com-vn.net\/wp-content\/uploads\/2017\/11\/21-300x125.jpg 300w, https:\/\/c373-induckhanh.com-vn.net\/wp-content\/uploads\/2017\/11\/21-600x251.jpg 600w\" sizes=\"(max-width: 646px) 100vw, 646px\" \/><\/strong><\/span><\/p>\n<\/div>\n<\/div>\n<div class=\"list_baogia\"><\/div>\n","protected":false},"excerpt":{"rendered":"<p>C\u00f4ng ty C\u1ed5 ph\u1ea7n In \u0110\u1ee9c Kh\u00e1nh xin tr\u00e2n tr\u1ecdng k\u00ednh g\u1eedi t\u1edbi Qu\u00fd kh\u00e1ch h\u00e0ng b\u1ea3ng b\u00e1o gi\u00e1 in &hellip; <a class=\"link-more\" href=\"https:\/\/c373-induckhanh.com-vn.net\/?page_id=142\" class=\"more-link\">\u0110\u1ecdc th\u00eam &raquo;<span class=\"screen-reader-text\"> &#8220;B\u00e1o gi\u00e1&#8221;<\/span><\/a><\/p>\n","protected":false},"author":1,"featured_media":0,"parent":0,"menu_order":0,"comment_status":"closed","ping_status":"closed","template":"","meta":[],"_links":{"self":[{"href":"https:\/\/c373-induckhanh.com-vn.net\/index.php?rest_route=\/wp\/v2\/pages\/142"}],"collection":[{"href":"https:\/\/c373-induckhanh.com-vn.net\/index.php?rest_route=\/wp\/v2\/pages"}],"about":[{"href":"https:\/\/c373-induckhanh.com-vn.net\/index.php?rest_route=\/wp\/v2\/types\/page"}],"author":[{"embeddable":true,"href":"https:\/\/c373-induckhanh.com-vn.net\/index.php?rest_route=\/wp\/v2\/users\/1"}],"replies":[{"embeddable":true,"href":"https:\/\/c373-induckhanh.com-vn.net\/index.php?rest_route=%2Fwp%2Fv2%2Fcomments&post=142"}],"version-history":[{"count":8,"href":"https:\/\/c373-induckhanh.com-vn.net\/index.php?rest_route=\/wp\/v2\/pages\/142\/revisions"}],"predecessor-version":[{"id":525,"href":"https:\/\/c373-induckhanh.com-vn.net\/index.php?rest_route=\/wp\/v2\/pages\/142\/revisions\/525"}],"wp:attachment":[{"href":"https:\/\/c373-induckhanh.com-vn.net\/index.php?rest_route=%2Fwp%2Fv2%2Fmedia&parent=142"}],"curies":[{"name":"wp","href":"https:\/\/api.w.org\/{rel}","templated":true}]}}